{"id":43,"date":"2025-10-03T11:59:21","date_gmt":"2025-10-03T11:59:21","guid":{"rendered":"https:\/\/goldenrod-turkey-996710.hostingersite.com\/?page_id=43"},"modified":"2026-01-16T20:47:52","modified_gmt":"2026-01-16T20:47:52","slug":"mission-statement","status":"publish","type":"page","link":"https:\/\/optimyzation.community\/es\/mission-statement\/","title":{"rendered":"Declaraci\u00f3n de objetivos"},"content":{"rendered":"<div data-elementor-type=\"wp-page\" data-elementor-id=\"43\" class=\"elementor elementor-43\">\n\t\t\t\t<div class=\"elementor-element elementor-element-4af179f e-flex e-con-boxed e-con e-parent\" data-id=\"4af179f\" data-element_type=\"container\" data-e-type=\"container\" data-settings=\"{&quot;background_background&quot;:&quot;classic&quot;}\">\n\t\t\t\t\t<div class=\"e-con-inner\">\n\t\t\t\t<div class=\"elementor-element elementor-element-512a553 elementor-invisible elementor-widget elementor-widget-heading\" data-id=\"512a553\" data-element_type=\"widget\" data-e-type=\"widget\" data-settings=\"{&quot;_animation&quot;:&quot;fadeInUp&quot;}\" data-widget_type=\"heading.default\">\n\t\t\t\t\t<h2 class=\"elementor-heading-title elementor-size-default\">Nuestra misi\u00f3n: <\/h2>\t\t\t\t<\/div>\n\t\t\t\t<div class=\"elementor-element elementor-element-dc67558 elementor-widget__width-inherit elementor-widget-tablet__width-inherit elementor-invisible elementor-widget elementor-widget-text-editor\" data-id=\"dc67558\" data-element_type=\"widget\" data-e-type=\"widget\" data-settings=\"{&quot;_animation&quot;:&quot;fadeInUp&quot;}\" data-widget_type=\"text-editor.default\">\n\t\t\t\t\t\t\t\t\t<p>Capacitar a emprendedores, creadores, educadores e innovadores alternativos para construir comunidades digitales pr\u00f3speras: conectar, ganar, intercambiar y colaborar.<\/p>\t\t\t\t\t\t\t\t<\/div>\n\t\t\t\t\t<\/div>\n\t\t\t\t<\/div>\n\t\t<div class=\"elementor-element elementor-element-66fa66e e-flex e-con-boxed e-con e-parent\" data-id=\"66fa66e\" data-element_type=\"container\" data-e-type=\"container\" data-settings=\"{&quot;background_background&quot;:&quot;classic&quot;}\">\n\t\t\t\t\t<div class=\"e-con-inner\">\n\t\t\t\t<div class=\"elementor-element elementor-element-6862a5b elementor-invisible elementor-widget elementor-widget-heading\" data-id=\"6862a5b\" data-element_type=\"widget\" data-e-type=\"widget\" data-settings=\"{&quot;_animation&quot;:&quot;fadeInUp&quot;}\" data-widget_type=\"heading.default\">\n\t\t\t\t\t<h2 class=\"elementor-heading-title elementor-size-default\">\nNuestra visi\u00f3n: <\/h2>\t\t\t\t<\/div>\n\t\t\t\t<div class=\"elementor-element elementor-element-cc3acb1 elementor-widget__width-initial elementor-widget-tablet__width-inherit elementor-widget-mobile__width-initial elementor-invisible elementor-widget elementor-widget-text-editor\" data-id=\"cc3acb1\" data-element_type=\"widget\" data-e-type=\"widget\" data-settings=\"{&quot;_animation&quot;:&quot;fadeInUp&quot;}\" data-widget_type=\"text-editor.default\">\n\t\t\t\t\t\t\t\t\t<p>Un mundo en el que las comunidades digitales, la colaboraci\u00f3n consciente y el intercambio mutuo impulsen la innovaci\u00f3n y el crecimiento, permitiendo a cada miembro prosperar mientras ayuda a otros a prosperar.<\/p>\t\t\t\t\t\t\t\t<\/div>\n\t\t\t\t\t<\/div>\n\t\t\t\t<\/div>\n\t\t<div class=\"elementor-element elementor-element-946c1c7 e-flex e-con-boxed e-con e-parent\" data-id=\"946c1c7\" data-element_type=\"container\" data-e-type=\"container\" data-settings=\"{&quot;background_background&quot;:&quot;gradient&quot;}\">\n\t\t\t\t\t<div class=\"e-con-inner\">\n\t\t\t\t<div class=\"elementor-element elementor-element-9d655e3 elementor-widget__width-initial elementor-widget-tablet__width-inherit elementor-invisible elementor-widget elementor-widget-heading\" data-id=\"9d655e3\" data-element_type=\"widget\" data-e-type=\"widget\" data-settings=\"{&quot;_animation&quot;:&quot;fadeInUp&quot;}\" data-widget_type=\"heading.default\">\n\t\t\t\t\t<h2 class=\"elementor-heading-title elementor-size-default\">Nuestra filosof\u00eda:<\/h2>\t\t\t\t<\/div>\n\t\t\t\t<div class=\"elementor-element elementor-element-d770fea elementor-widget__width-inherit elementor-widget-tablet__width-inherit elementor-invisible elementor-widget elementor-widget-heading\" data-id=\"d770fea\" data-element_type=\"widget\" data-e-type=\"widget\" data-settings=\"{&quot;_animation&quot;:&quot;fadeInUp&quot;}\" data-widget_type=\"heading.default\">\n\t\t\t\t\t<h2 class=\"elementor-heading-title elementor-size-default\">Capitalismo consciente - La evoluci\u00f3n de la empresa<\/h2>\t\t\t\t<\/div>\n\t\t\t\t<div class=\"elementor-element elementor-element-4e9427b elementor-widget elementor-widget-text-editor\" data-id=\"4e9427b\" data-element_type=\"widget\" data-e-type=\"widget\" data-widget_type=\"text-editor.default\">\n\t\t\t\t\t\t\t\t\t<p class=\"body\" dir=\"auto\"><strong>Capitalismo consciente<\/strong> es el despertar de las empresas, un movimiento que <strong>redefine el beneficio como energ\u00eda en movimiento<\/strong>, <strong>prop\u00f3sito<\/strong> como el<strong> verdadera moneda,<\/strong> y <strong>colaboraci\u00f3n<\/strong> y resoluci\u00f3n de problemas <strong>como nueva capital<\/strong>.<\/p><p class=\"body\" dir=\"auto\">Es la comprensi\u00f3n de que las empresas son sistemas vivos, capaces no s\u00f3lo de generar riqueza, sino de <strong>elevar la conciencia, restablecer el equilibrio y catalizar el progreso humano<\/strong>.<\/p><p class=\"body\" dir=\"auto\">En este nuevo paradigma, el \u00e9xito no se mide por los informes trimestrales, <strong>sino por el efecto domin\u00f3 que una empresa crea en la vida de las personas, las comunidades y los ecosistemas.<\/strong> Los l\u00edderes act\u00faan con conciencia. Los equipos act\u00faan con empat\u00eda. <strong>El crecimiento se vuelve regenerativo, no extractivo.<\/strong><\/p><p class=\"body\" dir=\"auto\"><strong>Capitalismo consciente<\/strong> no consiste en rechazar el capitalismo, sino en <em><strong>elevando<\/strong> it<\/em>Transformar la competencia en cocreaci\u00f3n, <strong>consumo en contribuci\u00f3n<\/strong>, y los negocios en una <strong>catalizador de la evoluci\u00f3n planetaria y humana.<\/strong><\/p>\t\t\t\t\t\t\t\t<\/div>\n\t\t\t\t\t<\/div>\n\t\t\t\t<\/div>\n\t\t<div class=\"elementor-element elementor-element-d45a045 e-flex e-con-boxed e-con e-parent\" data-id=\"d45a045\" data-element_type=\"container\" data-e-type=\"container\" data-settings=\"{&quot;background_background&quot;:&quot;classic&quot;}\">\n\t\t\t\t\t<div class=\"e-con-inner\">\n\t\t\t\t<div class=\"elementor-element elementor-element-16d0239 elementor-invisible elementor-widget elementor-widget-heading\" data-id=\"16d0239\" data-element_type=\"widget\" data-e-type=\"widget\" data-settings=\"{&quot;_animation&quot;:&quot;fadeInUp&quot;}\" data-widget_type=\"heading.default\">\n\t\t\t\t\t<h2 class=\"elementor-heading-title elementor-size-default\">- Buckminster Fuller<\/h2>\t\t\t\t<\/div>\n\t\t\t\t<div class=\"elementor-element elementor-element-2d99b7f elementor-invisible elementor-widget elementor-widget-heading\" data-id=\"2d99b7f\" data-element_type=\"widget\" data-e-type=\"widget\" data-settings=\"{&quot;_animation&quot;:&quot;fadeInUp&quot;}\" data-widget_type=\"heading.default\">\n\t\t\t\t\t<h2 class=\"elementor-heading-title elementor-size-default\">Nunca se cambian las cosas luchando contra la realidad existente. Para cambiar algo, construye un nuevo modelo que haga obsoleto el modelo existente\u2019.\u2019<\/h2>\t\t\t\t<\/div>\n\t\t\t\t\t<\/div>\n\t\t\t\t<\/div>\n\t\t\t\t<\/div>","protected":false},"excerpt":{"rendered":"<p>Our mission: To empower alternative entrepreneurs, creators, educators, and innovators to build thriving digital communities\u2014connecting, earning, exchanging and collaborating. Our vision: A world in which digital communities, conscious collaboration, and mutual exchange fuel innovation and growth \u2014 enabling each member to thrive while helping others thrive. Our Philosophy: Conscious Capitalism \u2014 The Evolution of Enterprise [&hellip;]<\/p>\n","protected":false},"author":1,"featured_media":0,"parent":0,"menu_order":0,"comment_status":"closed","ping_status":"closed","template":"elementor_header_footer","meta":{"_acf_changed":false,"footnotes":""},"class_list":["post-43","page","type-page","status-publish","hentry"],"acf":[],"yoast_head":"<!-- This site is optimized with the Yoast SEO plugin v27.4 - https:\/\/yoast.com\/product\/yoast-seo-wordpress\/ -->\n<title>Mission statement - Optimyzation.community<\/title>\n<meta name=\"robots\" content=\"index, follow, max-snippet:-1, max-image-preview:large, max-video-preview:-1\" \/>\n<link rel=\"canonical\" href=\"https:\/\/optimyzation.community\/es\/mission-statement\/\" \/>\n<meta property=\"og:locale\" content=\"es_ES\" \/>\n<meta property=\"og:type\" content=\"article\" \/>\n<meta property=\"og:title\" content=\"Mission statement - Optimyzation.community\" \/>\n<meta property=\"og:description\" content=\"Our mission: To empower alternative entrepreneurs, creators, educators, and innovators to build thriving digital communities\u2014connecting, earning, exchanging and collaborating. Our vision: A world in which digital communities, conscious collaboration, and mutual exchange fuel innovation and growth \u2014 enabling each member to thrive while helping others thrive. Our Philosophy: Conscious Capitalism \u2014 The Evolution of Enterprise [&hellip;]\" \/>\n<meta property=\"og:url\" content=\"https:\/\/optimyzation.community\/es\/mission-statement\/\" \/>\n<meta property=\"og:site_name\" content=\"Optimyzation.community\" \/>\n<meta property=\"article:modified_time\" content=\"2026-01-16T20:47:52+00:00\" \/>\n<meta name=\"twitter:card\" content=\"summary_large_image\" \/>\n<meta name=\"twitter:label1\" content=\"Tiempo de lectura\" \/>\n\t<meta name=\"twitter:data1\" content=\"1 minuto\" \/>\n<script type=\"application\/ld+json\" class=\"yoast-schema-graph\">{\"@context\":\"https:\\\/\\\/schema.org\",\"@graph\":[{\"@type\":\"WebPage\",\"@id\":\"https:\\\/\\\/optimyzation.community\\\/mission-statement\\\/\",\"url\":\"https:\\\/\\\/optimyzation.community\\\/mission-statement\\\/\",\"name\":\"Mission statement - Optimyzation.community\",\"isPartOf\":{\"@id\":\"https:\\\/\\\/optimyzation.community\\\/#website\"},\"datePublished\":\"2025-10-03T11:59:21+00:00\",\"dateModified\":\"2026-01-16T20:47:52+00:00\",\"breadcrumb\":{\"@id\":\"https:\\\/\\\/optimyzation.community\\\/mission-statement\\\/#breadcrumb\"},\"inLanguage\":\"es\",\"potentialAction\":[{\"@type\":\"ReadAction\",\"target\":[\"https:\\\/\\\/optimyzation.community\\\/mission-statement\\\/\"]}]},{\"@type\":\"BreadcrumbList\",\"@id\":\"https:\\\/\\\/optimyzation.community\\\/mission-statement\\\/#breadcrumb\",\"itemListElement\":[{\"@type\":\"ListItem\",\"position\":1,\"name\":\"Home\",\"item\":\"https:\\\/\\\/optimyzation.community\\\/\"},{\"@type\":\"ListItem\",\"position\":2,\"name\":\"Mission statement\"}]},{\"@type\":\"WebSite\",\"@id\":\"https:\\\/\\\/optimyzation.community\\\/#website\",\"url\":\"https:\\\/\\\/optimyzation.community\\\/\",\"name\":\"optimyzation.community\",\"description\":\"Build a community that grows beyond you\",\"publisher\":{\"@id\":\"https:\\\/\\\/optimyzation.community\\\/#organization\"},\"potentialAction\":[{\"@type\":\"SearchAction\",\"target\":{\"@type\":\"EntryPoint\",\"urlTemplate\":\"https:\\\/\\\/optimyzation.community\\\/?s={search_term_string}\"},\"query-input\":{\"@type\":\"PropertyValueSpecification\",\"valueRequired\":true,\"valueName\":\"search_term_string\"}}],\"inLanguage\":\"es\"},{\"@type\":\"Organization\",\"@id\":\"https:\\\/\\\/optimyzation.community\\\/#organization\",\"name\":\"optimyzation.community\",\"url\":\"https:\\\/\\\/optimyzation.community\\\/\",\"logo\":{\"@type\":\"ImageObject\",\"inLanguage\":\"es\",\"@id\":\"https:\\\/\\\/optimyzation.community\\\/#\\\/schema\\\/logo\\\/image\\\/\",\"url\":\"https:\\\/\\\/optimyzation.community\\\/wp-content\\\/uploads\\\/2025\\\/10\\\/optimyzation-rgb_white-color-m-mv02rXe4lLcDVq8q.png\",\"contentUrl\":\"https:\\\/\\\/optimyzation.community\\\/wp-content\\\/uploads\\\/2025\\\/10\\\/optimyzation-rgb_white-color-m-mv02rXe4lLcDVq8q.png\",\"width\":768,\"height\":226,\"caption\":\"optimyzation.community\"},\"image\":{\"@id\":\"https:\\\/\\\/optimyzation.community\\\/#\\\/schema\\\/logo\\\/image\\\/\"}}]}<\/script>\n<!-- \/ Yoast SEO plugin. -->","yoast_head_json":{"title":"Mission statement - Optimyzation.community","robots":{"index":"index","follow":"follow","max-snippet":"max-snippet:-1","max-image-preview":"max-image-preview:large","max-video-preview":"max-video-preview:-1"},"canonical":"https:\/\/optimyzation.community\/es\/mission-statement\/","og_locale":"es_ES","og_type":"article","og_title":"Mission statement - Optimyzation.community","og_description":"Our mission: To empower alternative entrepreneurs, creators, educators, and innovators to build thriving digital communities\u2014connecting, earning, exchanging and collaborating. Our vision: A world in which digital communities, conscious collaboration, and mutual exchange fuel innovation and growth \u2014 enabling each member to thrive while helping others thrive. Our Philosophy: Conscious Capitalism \u2014 The Evolution of Enterprise [&hellip;]","og_url":"https:\/\/optimyzation.community\/es\/mission-statement\/","og_site_name":"Optimyzation.community","article_modified_time":"2026-01-16T20:47:52+00:00","twitter_card":"summary_large_image","twitter_misc":{"Tiempo de lectura":"1 minuto"},"schema":{"@context":"https:\/\/schema.org","@graph":[{"@type":"WebPage","@id":"https:\/\/optimyzation.community\/mission-statement\/","url":"https:\/\/optimyzation.community\/mission-statement\/","name":"Mission statement - Optimyzation.community","isPartOf":{"@id":"https:\/\/optimyzation.community\/#website"},"datePublished":"2025-10-03T11:59:21+00:00","dateModified":"2026-01-16T20:47:52+00:00","breadcrumb":{"@id":"https:\/\/optimyzation.community\/mission-statement\/#breadcrumb"},"inLanguage":"es","potentialAction":[{"@type":"ReadAction","target":["https:\/\/optimyzation.community\/mission-statement\/"]}]},{"@type":"BreadcrumbList","@id":"https:\/\/optimyzation.community\/mission-statement\/#breadcrumb","itemListElement":[{"@type":"ListItem","position":1,"name":"Home","item":"https:\/\/optimyzation.community\/"},{"@type":"ListItem","position":2,"name":"Mission statement"}]},{"@type":"WebSite","@id":"https:\/\/optimyzation.community\/#website","url":"https:\/\/optimyzation.community\/","name":"optimizaci\u00f3n.comunidad","description":"Construye una comunidad que crezca m\u00e1s all\u00e1 de ti","publisher":{"@id":"https:\/\/optimyzation.community\/#organization"},"potentialAction":[{"@type":"SearchAction","target":{"@type":"EntryPoint","urlTemplate":"https:\/\/optimyzation.community\/?s={search_term_string}"},"query-input":{"@type":"PropertyValueSpecification","valueRequired":true,"valueName":"search_term_string"}}],"inLanguage":"es"},{"@type":"Organization","@id":"https:\/\/optimyzation.community\/#organization","name":"optimizaci\u00f3n.comunidad","url":"https:\/\/optimyzation.community\/","logo":{"@type":"ImageObject","inLanguage":"es","@id":"https:\/\/optimyzation.community\/#\/schema\/logo\/image\/","url":"https:\/\/optimyzation.community\/wp-content\/uploads\/2025\/10\/optimyzation-rgb_white-color-m-mv02rXe4lLcDVq8q.png","contentUrl":"https:\/\/optimyzation.community\/wp-content\/uploads\/2025\/10\/optimyzation-rgb_white-color-m-mv02rXe4lLcDVq8q.png","width":768,"height":226,"caption":"optimyzation.community"},"image":{"@id":"https:\/\/optimyzation.community\/#\/schema\/logo\/image\/"}}]}},"_hostinger_reach_plugin_has_subscription_block":false,"_hostinger_reach_plugin_is_elementor":false,"_links":{"self":[{"href":"https:\/\/optimyzation.community\/es\/wp-json\/wp\/v2\/pages\/43","targetHints":{"allow":["GET"]}}],"collection":[{"href":"https:\/\/optimyzation.community\/es\/wp-json\/wp\/v2\/pages"}],"about":[{"href":"https:\/\/optimyzation.community\/es\/wp-json\/wp\/v2\/types\/page"}],"author":[{"embeddable":true,"href":"https:\/\/optimyzation.community\/es\/wp-json\/wp\/v2\/users\/1"}],"replies":[{"embeddable":true,"href":"https:\/\/optimyzation.community\/es\/wp-json\/wp\/v2\/comments?post=43"}],"version-history":[{"count":55,"href":"https:\/\/optimyzation.community\/es\/wp-json\/wp\/v2\/pages\/43\/revisions"}],"predecessor-version":[{"id":1936,"href":"https:\/\/optimyzation.community\/es\/wp-json\/wp\/v2\/pages\/43\/revisions\/1936"}],"wp:attachment":[{"href":"https:\/\/optimyzation.community\/es\/wp-json\/wp\/v2\/media?parent=43"}],"curies":[{"name":"wp","href":"https:\/\/api.w.org\/{rel}","templated":true}]}}