{"id":51,"date":"2025-10-03T12:00:39","date_gmt":"2025-10-03T12:00:39","guid":{"rendered":"https:\/\/goldenrod-turkey-996710.hostingersite.com\/?page_id=51"},"modified":"2026-01-16T20:42:40","modified_gmt":"2026-01-16T20:42:40","slug":"opportunities","status":"publish","type":"page","link":"https:\/\/optimyzation.community\/es\/opportunities\/","title":{"rendered":"Oportunidades"},"content":{"rendered":"<div data-elementor-type=\"wp-page\" data-elementor-id=\"51\" class=\"elementor elementor-51\">\n\t\t\t\t<div class=\"elementor-element elementor-element-80bb159 e-flex e-con-boxed e-con e-parent\" data-id=\"80bb159\" data-element_type=\"container\" data-e-type=\"container\" id=\"videofixsection\" data-settings=\"{&quot;background_background&quot;:&quot;video&quot;,&quot;background_video_link&quot;:&quot;https:\\\/\\\/optimyzation.community\\\/wp-content\\\/uploads\\\/2025\\\/10\\\/3255275-uhd_3840_2160_25fps.mp4&quot;,&quot;background_play_on_mobile&quot;:&quot;yes&quot;}\">\n\t\t\t\t\t<div class=\"e-con-inner\">\n\t\t<div class=\"elementor-background-video-container\">\n\t\t\t\t\t\t\t<video class=\"elementor-background-video-hosted\" role=\"presentation\" autoplay muted playsinline loop><\/video>\n\t\t\t\t\t<\/div><div class=\"elementor-element elementor-element-0fc6a78 e-con-full e-flex e-con e-child\" data-id=\"0fc6a78\" data-element_type=\"container\" data-e-type=\"container\">\n\t\t\t\t<div class=\"elementor-element elementor-element-48b3441 elementor-invisible elementor-widget elementor-widget-heading\" data-id=\"48b3441\" data-element_type=\"widget\" data-e-type=\"widget\" data-settings=\"{&quot;_animation&quot;:&quot;fadeInUp&quot;}\" data-widget_type=\"heading.default\">\n\t\t\t\t\t<h2 class=\"elementor-heading-title elementor-size-default\">\u00a1Cambiemos juntos el mundo!<\/h2>\t\t\t\t<\/div>\n\t\t\t\t<div class=\"elementor-element elementor-element-4de9dd0 elementor-invisible elementor-widget elementor-widget-text-editor\" data-id=\"4de9dd0\" data-element_type=\"widget\" data-e-type=\"widget\" data-settings=\"{&quot;_animation&quot;:&quot;fadeInUp&quot;}\" data-widget_type=\"text-editor.default\">\n\t\t\t\t\t\t\t\t\t<p>No has llegado hasta aqu\u00ed para detenerte.<\/p>\t\t\t\t\t\t\t\t<\/div>\n\t\t\t\t<div class=\"elementor-element elementor-element-7a6c800 elementor-widget__width-initial elementor-widget-tablet__width-inherit elementor-invisible elementor-widget elementor-widget-text-editor\" data-id=\"7a6c800\" data-element_type=\"widget\" data-e-type=\"widget\" data-settings=\"{&quot;_animation&quot;:&quot;fadeInUp&quot;}\" data-widget_type=\"text-editor.default\">\n\t\t\t\t\t\t\t\t\t<h5><strong>Compruebe si sus cualificaciones\/experiencia coinciden con nuestros puestos y oportunidades actuales<\/strong><\/h5>\t\t\t\t\t\t\t\t<\/div>\n\t\t\t\t<\/div>\n\t\t<div class=\"elementor-element elementor-element-87960b0 e-con-full e-flex e-con e-child\" data-id=\"87960b0\" data-element_type=\"container\" data-e-type=\"container\">\n\t\t<div class=\"elementor-element elementor-element-e58c4e5 e-con-full e-flex elementor-invisible e-con e-child\" data-id=\"e58c4e5\" data-element_type=\"container\" data-e-type=\"container\" data-settings=\"{&quot;background_background&quot;:&quot;classic&quot;,&quot;animation&quot;:&quot;fadeInUp&quot;}\">\n\t\t\t\t<div class=\"elementor-element elementor-element-81bacbc elementor-widget elementor-widget-heading\" data-id=\"81bacbc\" data-element_type=\"widget\" data-e-type=\"widget\" data-widget_type=\"heading.default\">\n\t\t\t\t\t<h2 class=\"elementor-heading-title elementor-size-default\">Desarrollador jefe de IA y Full-Stack<\/h2>\t\t\t\t<\/div>\n\t\t\t\t<div class=\"elementor-element elementor-element-088444d elementor-widget elementor-widget-text-editor\" data-id=\"088444d\" data-element_type=\"widget\" data-e-type=\"widget\" data-widget_type=\"text-editor.default\">\n\t\t\t\t\t\t\t\t\t<p><strong><u>M\u00e1s informaci\u00f3n<\/u><\/strong><\/p>\t\t\t\t\t\t\t\t<\/div>\n\t\t\t\t<\/div>\n\t\t<div class=\"elementor-element elementor-element-00d9ef1 e-con-full e-flex elementor-invisible e-con e-child\" data-id=\"00d9ef1\" data-element_type=\"container\" data-e-type=\"container\" data-settings=\"{&quot;background_background&quot;:&quot;classic&quot;,&quot;animation&quot;:&quot;fadeInUp&quot;}\">\n\t\t\t\t<div class=\"elementor-element elementor-element-772cbcf elementor-widget elementor-widget-heading\" data-id=\"772cbcf\" data-element_type=\"widget\" data-e-type=\"widget\" data-widget_type=\"heading.default\">\n\t\t\t\t\t<h2 class=\"elementor-heading-title elementor-size-default\">AI &amp; Social Influencer Marketing Lead<\/h2>\t\t\t\t<\/div>\n\t\t\t\t<div class=\"elementor-element elementor-element-32594a8 elementor-widget elementor-widget-text-editor\" data-id=\"32594a8\" data-element_type=\"widget\" data-e-type=\"widget\" data-widget_type=\"text-editor.default\">\n\t\t\t\t\t\t\t\t\t<p><strong><u>M\u00e1s informaci\u00f3n<\/u><\/strong><\/p>\t\t\t\t\t\t\t\t<\/div>\n\t\t\t\t<\/div>\n\t\t\t\t<\/div>\n\t\t\t\t\t<\/div>\n\t\t\t\t<\/div>\n\t\t\t\t<\/div>","protected":false},"excerpt":{"rendered":"<p>Let&#8217;s change the world together! You didn\u2019t come this far to stop. Check if your skills\/experience match our current roles &amp; opportunities AI &amp; Full-Stack Developer Lead Find out more AI &amp; Social Influencer Marketing Lead Find out more<\/p>","protected":false},"author":1,"featured_media":0,"parent":0,"menu_order":0,"comment_status":"closed","ping_status":"closed","template":"elementor_header_footer","meta":{"_acf_changed":false,"footnotes":""},"class_list":["post-51","page","type-page","status-publish","hentry"],"acf":[],"yoast_head":"<!-- This site is optimized with the Yoast SEO plugin v27.4 - https:\/\/yoast.com\/product\/yoast-seo-wordpress\/ -->\n<title>Opportunities - Optimyzation.community<\/title>\n<meta name=\"robots\" content=\"index, follow, max-snippet:-1, max-image-preview:large, max-video-preview:-1\" \/>\n<link rel=\"canonical\" href=\"https:\/\/optimyzation.community\/es\/opportunities\/\" \/>\n<meta property=\"og:locale\" content=\"es_ES\" \/>\n<meta property=\"og:type\" content=\"article\" \/>\n<meta property=\"og:title\" content=\"Opportunities - Optimyzation.community\" \/>\n<meta property=\"og:description\" content=\"Let&#8217;s change the world together! You didn\u2019t come this far to stop. Check if your skills\/experience match our current roles &amp; opportunities AI &amp; Full-Stack Developer Lead Find out more AI &amp; Social Influencer Marketing Lead Find out more\" \/>\n<meta property=\"og:url\" content=\"https:\/\/optimyzation.community\/es\/opportunities\/\" \/>\n<meta property=\"og:site_name\" content=\"Optimyzation.community\" \/>\n<meta property=\"article:modified_time\" content=\"2026-01-16T20:42:40+00:00\" \/>\n<meta name=\"twitter:card\" content=\"summary_large_image\" \/>\n<meta name=\"twitter:label1\" content=\"Tiempo de lectura\" \/>\n\t<meta name=\"twitter:data1\" content=\"1 minuto\" \/>\n<script type=\"application\/ld+json\" class=\"yoast-schema-graph\">{\"@context\":\"https:\\\/\\\/schema.org\",\"@graph\":[{\"@type\":\"WebPage\",\"@id\":\"https:\\\/\\\/optimyzation.community\\\/opportunities\\\/\",\"url\":\"https:\\\/\\\/optimyzation.community\\\/opportunities\\\/\",\"name\":\"Opportunities - Optimyzation.community\",\"isPartOf\":{\"@id\":\"https:\\\/\\\/optimyzation.community\\\/#website\"},\"datePublished\":\"2025-10-03T12:00:39+00:00\",\"dateModified\":\"2026-01-16T20:42:40+00:00\",\"breadcrumb\":{\"@id\":\"https:\\\/\\\/optimyzation.community\\\/opportunities\\\/#breadcrumb\"},\"inLanguage\":\"es\",\"potentialAction\":[{\"@type\":\"ReadAction\",\"target\":[\"https:\\\/\\\/optimyzation.community\\\/opportunities\\\/\"]}]},{\"@type\":\"BreadcrumbList\",\"@id\":\"https:\\\/\\\/optimyzation.community\\\/opportunities\\\/#breadcrumb\",\"itemListElement\":[{\"@type\":\"ListItem\",\"position\":1,\"name\":\"Home\",\"item\":\"https:\\\/\\\/optimyzation.community\\\/\"},{\"@type\":\"ListItem\",\"position\":2,\"name\":\"Opportunities\"}]},{\"@type\":\"WebSite\",\"@id\":\"https:\\\/\\\/optimyzation.community\\\/#website\",\"url\":\"https:\\\/\\\/optimyzation.community\\\/\",\"name\":\"optimyzation.community\",\"description\":\"Build a community that grows beyond you\",\"publisher\":{\"@id\":\"https:\\\/\\\/optimyzation.community\\\/#organization\"},\"potentialAction\":[{\"@type\":\"SearchAction\",\"target\":{\"@type\":\"EntryPoint\",\"urlTemplate\":\"https:\\\/\\\/optimyzation.community\\\/?s={search_term_string}\"},\"query-input\":{\"@type\":\"PropertyValueSpecification\",\"valueRequired\":true,\"valueName\":\"search_term_string\"}}],\"inLanguage\":\"es\"},{\"@type\":\"Organization\",\"@id\":\"https:\\\/\\\/optimyzation.community\\\/#organization\",\"name\":\"optimyzation.community\",\"url\":\"https:\\\/\\\/optimyzation.community\\\/\",\"logo\":{\"@type\":\"ImageObject\",\"inLanguage\":\"es\",\"@id\":\"https:\\\/\\\/optimyzation.community\\\/#\\\/schema\\\/logo\\\/image\\\/\",\"url\":\"https:\\\/\\\/optimyzation.community\\\/wp-content\\\/uploads\\\/2025\\\/10\\\/optimyzation-rgb_white-color-m-mv02rXe4lLcDVq8q.png\",\"contentUrl\":\"https:\\\/\\\/optimyzation.community\\\/wp-content\\\/uploads\\\/2025\\\/10\\\/optimyzation-rgb_white-color-m-mv02rXe4lLcDVq8q.png\",\"width\":768,\"height\":226,\"caption\":\"optimyzation.community\"},\"image\":{\"@id\":\"https:\\\/\\\/optimyzation.community\\\/#\\\/schema\\\/logo\\\/image\\\/\"}}]}<\/script>\n<!-- \/ Yoast SEO plugin. -->","yoast_head_json":{"title":"Opportunities - Optimyzation.community","robots":{"index":"index","follow":"follow","max-snippet":"max-snippet:-1","max-image-preview":"max-image-preview:large","max-video-preview":"max-video-preview:-1"},"canonical":"https:\/\/optimyzation.community\/es\/opportunities\/","og_locale":"es_ES","og_type":"article","og_title":"Opportunities - Optimyzation.community","og_description":"Let&#8217;s change the world together! You didn\u2019t come this far to stop. Check if your skills\/experience match our current roles &amp; opportunities AI &amp; Full-Stack Developer Lead Find out more AI &amp; Social Influencer Marketing Lead Find out more","og_url":"https:\/\/optimyzation.community\/es\/opportunities\/","og_site_name":"Optimyzation.community","article_modified_time":"2026-01-16T20:42:40+00:00","twitter_card":"summary_large_image","twitter_misc":{"Tiempo de lectura":"1 minuto"},"schema":{"@context":"https:\/\/schema.org","@graph":[{"@type":"WebPage","@id":"https:\/\/optimyzation.community\/opportunities\/","url":"https:\/\/optimyzation.community\/opportunities\/","name":"Opportunities - Optimyzation.community","isPartOf":{"@id":"https:\/\/optimyzation.community\/#website"},"datePublished":"2025-10-03T12:00:39+00:00","dateModified":"2026-01-16T20:42:40+00:00","breadcrumb":{"@id":"https:\/\/optimyzation.community\/opportunities\/#breadcrumb"},"inLanguage":"es","potentialAction":[{"@type":"ReadAction","target":["https:\/\/optimyzation.community\/opportunities\/"]}]},{"@type":"BreadcrumbList","@id":"https:\/\/optimyzation.community\/opportunities\/#breadcrumb","itemListElement":[{"@type":"ListItem","position":1,"name":"Home","item":"https:\/\/optimyzation.community\/"},{"@type":"ListItem","position":2,"name":"Opportunities"}]},{"@type":"WebSite","@id":"https:\/\/optimyzation.community\/#website","url":"https:\/\/optimyzation.community\/","name":"optimizaci\u00f3n.comunidad","description":"Construye una comunidad que crezca m\u00e1s all\u00e1 de ti","publisher":{"@id":"https:\/\/optimyzation.community\/#organization"},"potentialAction":[{"@type":"SearchAction","target":{"@type":"EntryPoint","urlTemplate":"https:\/\/optimyzation.community\/?s={search_term_string}"},"query-input":{"@type":"PropertyValueSpecification","valueRequired":true,"valueName":"search_term_string"}}],"inLanguage":"es"},{"@type":"Organization","@id":"https:\/\/optimyzation.community\/#organization","name":"optimizaci\u00f3n.comunidad","url":"https:\/\/optimyzation.community\/","logo":{"@type":"ImageObject","inLanguage":"es","@id":"https:\/\/optimyzation.community\/#\/schema\/logo\/image\/","url":"https:\/\/optimyzation.community\/wp-content\/uploads\/2025\/10\/optimyzation-rgb_white-color-m-mv02rXe4lLcDVq8q.png","contentUrl":"https:\/\/optimyzation.community\/wp-content\/uploads\/2025\/10\/optimyzation-rgb_white-color-m-mv02rXe4lLcDVq8q.png","width":768,"height":226,"caption":"optimyzation.community"},"image":{"@id":"https:\/\/optimyzation.community\/#\/schema\/logo\/image\/"}}]}},"_hostinger_reach_plugin_has_subscription_block":false,"_hostinger_reach_plugin_is_elementor":false,"_links":{"self":[{"href":"https:\/\/optimyzation.community\/es\/wp-json\/wp\/v2\/pages\/51","targetHints":{"allow":["GET"]}}],"collection":[{"href":"https:\/\/optimyzation.community\/es\/wp-json\/wp\/v2\/pages"}],"about":[{"href":"https:\/\/optimyzation.community\/es\/wp-json\/wp\/v2\/types\/page"}],"author":[{"embeddable":true,"href":"https:\/\/optimyzation.community\/es\/wp-json\/wp\/v2\/users\/1"}],"replies":[{"embeddable":true,"href":"https:\/\/optimyzation.community\/es\/wp-json\/wp\/v2\/comments?post=51"}],"version-history":[{"count":52,"href":"https:\/\/optimyzation.community\/es\/wp-json\/wp\/v2\/pages\/51\/revisions"}],"predecessor-version":[{"id":1929,"href":"https:\/\/optimyzation.community\/es\/wp-json\/wp\/v2\/pages\/51\/revisions\/1929"}],"wp:attachment":[{"href":"https:\/\/optimyzation.community\/es\/wp-json\/wp\/v2\/media?parent=51"}],"curies":[{"name":"wp","href":"https:\/\/api.w.org\/{rel}","templated":true}]}}