{"id":560,"date":"2025-10-06T11:38:17","date_gmt":"2025-10-06T11:38:17","guid":{"rendered":"https:\/\/goldenrod-turkey-996710.hostingersite.com\/?page_id=560"},"modified":"2025-10-06T11:43:15","modified_gmt":"2025-10-06T11:43:15","slug":"ai-social-influencer-marketing","status":"publish","type":"page","link":"https:\/\/optimyzation.community\/es\/ai-social-influencer-marketing\/","title":{"rendered":"AI &amp; Social &amp; Influencer Marketing"},"content":{"rendered":"<div data-elementor-type=\"wp-page\" data-elementor-id=\"560\" class=\"elementor elementor-560\">\n\t\t\t\t<div class=\"elementor-element elementor-element-7769bb9 e-flex e-con-boxed e-con e-parent\" data-id=\"7769bb9\" data-element_type=\"container\" data-e-type=\"container\" data-settings=\"{&quot;background_background&quot;:&quot;gradient&quot;}\">\n\t\t\t\t\t<div class=\"e-con-inner\">\n\t\t\t\t<div class=\"elementor-element elementor-element-1b372c7 elementor-widget__width-initial elementor-widget-mobile__width-inherit elementor-invisible elementor-widget elementor-widget-heading\" data-id=\"1b372c7\" data-element_type=\"widget\" data-e-type=\"widget\" data-settings=\"{&quot;_animation&quot;:&quot;fadeInUp&quot;}\" data-widget_type=\"heading.default\">\n\t\t\t\t\t<h2 class=\"elementor-heading-title elementor-size-default\">Inteligencia artificial y marketing social y de influencia<\/h2>\t\t\t\t<\/div>\n\t\t\t\t\t<\/div>\n\t\t\t\t<\/div>\n\t\t<div class=\"elementor-element elementor-element-4377fbe e-flex e-con-boxed e-con e-parent\" data-id=\"4377fbe\" data-element_type=\"container\" data-e-type=\"container\" data-settings=\"{&quot;background_background&quot;:&quot;classic&quot;}\">\n\t\t\t\t\t<div class=\"e-con-inner\">\n\t\t<div class=\"elementor-element elementor-element-2f923d8 e-con-full e-flex e-con e-child\" data-id=\"2f923d8\" data-element_type=\"container\" data-e-type=\"container\" data-settings=\"{&quot;background_background&quot;:&quot;classic&quot;}\">\n\t\t\t\t<div class=\"elementor-element elementor-element-5f5e0a6 elementor-invisible elementor-widget elementor-widget-text-editor\" data-id=\"5f5e0a6\" data-element_type=\"widget\" data-e-type=\"widget\" data-settings=\"{&quot;_animation&quot;:&quot;fadeInUp&quot;}\" data-widget_type=\"text-editor.default\">\n\t\t\t\t\t\t\t\t\t<main class=\"page\"><\/main><div class=\"page__blocks\"><section id=\"zANj9R\" class=\"block\" data-v-0c4679dd=\"\" data-qa=\"block\"><div class=\"block-layout block-layout--layout\" data-v-0c4679dd=\"\"><div class=\"layout-element layout-element--layout layout-element transition transition--slide\" data-v-862b8f16=\"\" data-qa=\"layout-element-wrapper:zyra8y\" data-animation-state=\"active\"><div id=\"zyRa8Y\" class=\"text-box layout-element__component layout-element__component--GridTextBox\" data-v-862b8f16=\"\" data-qa=\"gridtextbox:zyra8y\"><p><strong>\ud83d\ude80 AI &amp; Social &amp; Influencer Marketing Director - Pioneering Community Platform Start-Up<\/strong><\/p><div class=\"page__blocks\"><section id=\"zANj9R\" class=\"block\" data-v-0c4679dd=\"\" data-qa=\"block\"><div class=\"block-layout block-layout--layout\" data-v-0c4679dd=\"\"><div class=\"layout-element layout-element--layout layout-element transition transition--slide\" data-v-862b8f16=\"\" data-qa=\"layout-element-wrapper:zyra8y\" data-animation-state=\"active\"><div id=\"zyRa8Y\" class=\"text-box layout-element__component layout-element__component--GridTextBox\" data-v-862b8f16=\"\" data-qa=\"gridtextbox:zyra8y\"><section id=\"zANj9R\" class=\"block\" data-v-0c4679dd=\"\" data-qa=\"block\"><div class=\"block-layout block-layout--layout\" data-v-0c4679dd=\"\"><div class=\"layout-element layout-element--layout layout-element transition transition--slide\" data-v-862b8f16=\"\" data-qa=\"layout-element-wrapper:zyra8y\" data-animation-state=\"active\"><div id=\"zyRa8Y\" class=\"text-box layout-element__component layout-element__component--GridTextBox\" data-v-862b8f16=\"\" data-qa=\"gridtextbox:zyra8y\"><p class=\"body\" dir=\"auto\"><strong>\ud83d\udccd<\/strong><strong> Ubicaci\u00f3n:<\/strong> Remoto<\/p><p class=\"body\" dir=\"auto\"><strong>\ud83d\udd52 <\/strong><strong>Tipo: <u>A tiempo completo<\/u> &amp; Contractual (12 meses<\/strong><strong>)<\/strong><\/p><p class=\"body\" dir=\"auto\"><strong>\ud83d\udca1<\/strong> <strong>Industria: <\/strong>Participaci\u00f3n social y comunitaria, marketing basado en IA<\/p><p class=\"body\" dir=\"auto\">Hasta<strong> $90.000 al a\u00f1o con opciones sobre acciones <\/strong>despu\u00e9s del per\u00edodo de gracia de trabajo<\/p><\/div><\/div><\/div><\/section><\/div><\/div><\/div><\/section><\/div><\/div><\/div><\/div><\/section><\/div>\t\t\t\t\t\t\t\t<\/div>\n\t\t\t\t<\/div>\n\t\t\t\t\t<\/div>\n\t\t\t\t<\/div>\n\t\t<div class=\"elementor-element elementor-element-11c087f e-flex e-con-boxed e-con e-parent\" data-id=\"11c087f\" data-element_type=\"container\" data-e-type=\"container\" data-settings=\"{&quot;background_background&quot;:&quot;video&quot;,&quot;background_video_link&quot;:&quot;https:\\\/\\\/optimyzation.community\\\/wp-content\\\/uploads\\\/2025\\\/10\\\/4199353-uhd_3840_2160_25fps.mp4&quot;}\">\n\t\t\t\t\t<div class=\"e-con-inner\">\n\t\t<div class=\"elementor-background-video-container elementor-hidden-mobile\">\n\t\t\t\t\t\t\t<video class=\"elementor-background-video-hosted\" role=\"presentation\" autoplay muted playsinline loop><\/video>\n\t\t\t\t\t<\/div><div class=\"elementor-element elementor-element-27d8ae8 e-con-full e-flex e-con e-child\" data-id=\"27d8ae8\" data-element_type=\"container\" data-e-type=\"container\">\n\t\t\t\t<div class=\"elementor-element elementor-element-75a927a elementor-widget__width-inherit elementor-widget-mobile__width-inherit elementor-invisible elementor-widget elementor-widget-heading\" data-id=\"75a927a\" data-element_type=\"widget\" data-e-type=\"widget\" data-settings=\"{&quot;_animation&quot;:&quot;fadeInUp&quot;}\" data-widget_type=\"heading.default\">\n\t\t\t\t\t<h2 class=\"elementor-heading-title elementor-size-default\">\u00danase a nosotros y d\u00e9 forma al futuro de la participaci\u00f3n comunitaria.\n\n<\/h2>\t\t\t\t<\/div>\n\t\t\t\t<div class=\"elementor-element elementor-element-141ed24 elementor-invisible elementor-widget elementor-widget-text-editor\" data-id=\"141ed24\" data-element_type=\"widget\" data-e-type=\"widget\" data-settings=\"{&quot;_animation&quot;:&quot;fadeInUp&quot;}\" data-widget_type=\"text-editor.default\">\n\t\t\t\t\t\t\t\t\t<p class=\"body\" dir=\"auto\">\u00bfEres un visionario en la intersecci\u00f3n de la IA, las redes sociales y el marketing de influencers? \u00bfTe apasiona crear comunidades digitales de vanguardia e impulsar el crecimiento viral? Si es as\u00ed, queremos que T\u00da dirijas nuestra revoluci\u00f3n de marketing.<\/p><p class=\"body\" dir=\"auto\">Somos una innovadora plataforma comunitaria de r\u00e1pido crecimiento que est\u00e1 redefiniendo la forma en que las personas se conectan, participan y crean impacto. Nuestra plataforma aprovecha lo \u00faltimo en inteligencia artificial y tecnolog\u00edas sociales para fomentar relaciones aut\u00e9nticas, narraciones potentes y colaboraciones din\u00e1micas con las marcas.<\/p><p class=\"body\" dir=\"auto\">Ahora, estamos buscando un AI &amp; Social &amp; Influencer Marketing Director para llevar nuestra marca al siguiente nivel.<\/p><p class=\"body\" dir=\"auto\"><strong><u>Qu\u00e9 har\u00e1s:<\/u><\/strong><\/p><p class=\"body\" dir=\"auto\">\u2705 Red de influencers y colaboraci\u00f3n con marcas: Alguien con una s\u00f3lida red global de influencers y experiencia en colaboraci\u00f3n con marcas<\/p><p class=\"body\" dir=\"auto\">\u2705 Estrategia de marketing impulsada por IA: aproveche los agentes de IA y el an\u00e1lisis de datos para optimizar las campa\u00f1as, la segmentaci\u00f3n de la audiencia y las estrategias de captaci\u00f3n.<\/p><p class=\"body\" dir=\"auto\">\u2705 Liderazgo en medios sociales - Ser propietario de nuestra presencia social omnicanal, haciendo crecer e involucrando a nuestra comunidad a trav\u00e9s de las plataformas emergentes Instagram, TikTok, YouTube, X y Telegram.<\/p><p class=\"body\" dir=\"auto\">\u2705 Asociaciones con influencers y creadores: construye y gestiona un ecosistema de micro y macro influencers, creadores de contenidos y embajadores de marca para amplificar nuestra misi\u00f3n.<\/p><p class=\"body\" dir=\"auto\">\u2705 Crecimiento y compromiso de la comunidad - Desarrollar campa\u00f1as interactivas y virales, estrategias de gamificaci\u00f3n y activaciones digitales que impulsen la adquisici\u00f3n y retenci\u00f3n de usuarios.<\/p><p class=\"body\" dir=\"auto\">\u2705 Posicionamiento de la marca y narraci\u00f3n de historias - Crear narrativas y experiencias digitales convincentes que consoliden nuestra plataforma como el destino de referencia para las comunidades en l\u00ednea.<\/p><p class=\"body\" dir=\"auto\">\u2705 Automatizaci\u00f3n e informaci\u00f3n basadas en IA: utilice herramientas basadas en IA para la escucha social, la predicci\u00f3n de tendencias y la optimizaci\u00f3n del rendimiento.<\/p><p class=\"body\" dir=\"auto\"><strong><u>Lo que buscamos:<\/u><\/strong><\/p><p class=\"body\" dir=\"auto\">\ud83d\udd25 <strong>Marketing visionario y basado en datos<\/strong> - Sabe c\u00f3mo combinar la creatividad con el an\u00e1lisis para impulsar un compromiso real.<\/p><p class=\"body\" dir=\"auto\">\ud83d\udcf1 <strong>Social &amp; Influencer Marketing Exper<\/strong>t - Trayectoria probada en la creaci\u00f3n de contenidos autopromocionales y colaboraciones con influencers, crecimiento viral y storytelling de marca.<\/p><p class=\"body\" dir=\"auto\">\ud83e\udd16 <strong>Inteligencia Artificial y MarTech <\/strong>- Experiencia en el uso de herramientas de marketing basadas en IA, automatizaci\u00f3n y personalizaci\u00f3n para impulsar los resultados.<\/p><p class=\"body\" dir=\"auto\">\ud83c\udfaf <strong>Constructor comunitario <\/strong>- Apasionado de las comunidades digitales, la cultura en l\u00ednea y el poder de la conexi\u00f3n.<\/p><p class=\"body\" dir=\"auto\">\ud83d\ude80 <strong>Mentalidad de empresa emergente<\/strong> - C\u00f3moda en un entorno de ritmo r\u00e1pido y alto crecimiento con capacidad para adaptarse, innovar y ser ingeniosa.<\/p><p class=\"body\" dir=\"auto\"><strong>\u00bfPor qu\u00e9 unirse a nosotros?<\/strong><\/p><p class=\"body\" dir=\"auto\">\ud83c\udf0d Da forma al futuro - S\u00e9 un actor clave en la redefinici\u00f3n de la participaci\u00f3n de la comunidad con la interactividad impulsada por la IA.<\/p><p class=\"body\" dir=\"auto\">\ud83d\udca1 Cultura innovadora y \u00e1gil - Trabaja en un entorno que se nutre de la creatividad, la experimentaci\u00f3n y las grandes ideas.<\/p><p class=\"body\" dir=\"auto\">\ud83d\udcc8 Crecimiento profesional e impacto - Un papel de liderazgo en el que tus estrategias determinan directamente el alcance y el \u00e9xito mundial de la marca.<\/p><p class=\"body\" dir=\"auto\">\ud83d\udcb0 Retribuci\u00f3n y ventajas competitivas - Salario + incentivos por resultados + opciones sobre acciones.<\/p><p class=\"body\" dir=\"auto\">\ud83d\udc8e \u00bfListo para construir la pr\u00f3xima gran cosa en IA y compromiso social?<\/p><p class=\"body\" dir=\"auto\">\u00a1Presenta tu candidatura ahora y creemos juntos algo innovador! \ud83d\ude80\u2728<\/p><p class=\"body\" dir=\"auto\"><strong>Asunto:<\/strong> AI &amp; Social &amp; Influencer Marketing Director, Attn: Joseph Osei.<\/p><p class=\"body\" dir=\"auto\">Correo electr\u00f3nico: info(at)<a href=\"http:\/\/optimyzation.digital\/\">optimizaci\u00f3n.digital<\/a><\/p>\t\t\t\t\t\t\t\t<\/div>\n\t\t\t\t<\/div>\n\t\t<div class=\"elementor-element elementor-element-2584b42 e-con-full e-flex e-con e-child\" data-id=\"2584b42\" data-element_type=\"container\" data-e-type=\"container\">\n\t\t\t\t<div class=\"elementor-element elementor-element-2391b22 elementor-invisible elementor-widget elementor-widget-image\" data-id=\"2391b22\" data-element_type=\"widget\" data-e-type=\"widget\" data-settings=\"{&quot;_animation&quot;:&quot;fadeInUp&quot;}\" data-widget_type=\"image.default\">\n\t\t\t\t\t\t\t\t\t\t\t\t\t\t\t<img fetchpriority=\"high\" decoding=\"async\" width=\"656\" height=\"415\" src=\"https:\/\/optimyzation.community\/wp-content\/uploads\/2025\/10\/photo-1590845947698-8924d7409b56.avif\" class=\"attachment-large size-large wp-image-572\" alt=\"\" srcset=\"https:\/\/optimyzation.community\/wp-content\/uploads\/2025\/10\/photo-1590845947698-8924d7409b56.avif 656w, https:\/\/optimyzation.community\/wp-content\/uploads\/2025\/10\/photo-1590845947698-8924d7409b56-300x190.avif 300w\" sizes=\"(max-width: 656px) 100vw, 656px\" \/>\t\t\t\t\t\t\t\t\t\t\t\t\t\t\t<\/div>\n\t\t\t\t<\/div>\n\t\t\t\t\t<\/div>\n\t\t\t\t<\/div>\n\t\t\t\t<\/div>","protected":false},"excerpt":{"rendered":"<p>AI &amp; Social &amp; Influencer Marketing \ud83d\ude80 AI &amp; Social &amp; Influencer Marketing Director \u2013 Pioneering Community Platform Start-Up \ud83d\udccd Location: Remote \ud83d\udd52 Type: Full-Time &amp; Contractual (12 months) \ud83d\udca1 Industry: Community &amp; Social Engagement, AI-Driven Marketing Up to $90,000 per year with equity options after working grace period Join Us &amp; Shape the Future [&hellip;]<\/p>\n","protected":false},"author":1,"featured_media":0,"parent":0,"menu_order":0,"comment_status":"closed","ping_status":"closed","template":"elementor_header_footer","meta":{"_acf_changed":false,"footnotes":""},"class_list":["post-560","page","type-page","status-publish","hentry"],"acf":[],"yoast_head":"<!-- This site is optimized with the Yoast SEO plugin v27.4 - https:\/\/yoast.com\/product\/yoast-seo-wordpress\/ -->\n<title>AI &amp; Social &amp; Influencer Marketing - Optimyzation.community<\/title>\n<meta name=\"robots\" content=\"index, follow, max-snippet:-1, max-image-preview:large, max-video-preview:-1\" \/>\n<link rel=\"canonical\" href=\"https:\/\/optimyzation.community\/es\/ai-social-influencer-marketing\/\" \/>\n<meta property=\"og:locale\" content=\"es_ES\" \/>\n<meta property=\"og:type\" content=\"article\" \/>\n<meta property=\"og:title\" content=\"AI &amp; Social &amp; Influencer Marketing - Optimyzation.community\" \/>\n<meta property=\"og:description\" content=\"AI &amp; Social &amp; Influencer Marketing \ud83d\ude80 AI &amp; Social &amp; Influencer Marketing Director \u2013 Pioneering Community Platform Start-Up \ud83d\udccd Location: Remote \ud83d\udd52 Type: Full-Time &amp; Contractual (12 months) \ud83d\udca1 Industry: Community &amp; Social Engagement, AI-Driven Marketing Up to $90,000 per year with equity options after working grace period Join Us &amp; Shape the Future [&hellip;]\" \/>\n<meta property=\"og:url\" content=\"https:\/\/optimyzation.community\/es\/ai-social-influencer-marketing\/\" \/>\n<meta property=\"og:site_name\" content=\"Optimyzation.community\" \/>\n<meta property=\"article:modified_time\" content=\"2025-10-06T11:43:15+00:00\" \/>\n<meta name=\"twitter:card\" content=\"summary_large_image\" \/>\n<meta name=\"twitter:label1\" content=\"Tiempo de lectura\" \/>\n\t<meta name=\"twitter:data1\" content=\"2 minutos\" \/>\n<script type=\"application\/ld+json\" class=\"yoast-schema-graph\">{\"@context\":\"https:\\\/\\\/schema.org\",\"@graph\":[{\"@type\":\"WebPage\",\"@id\":\"https:\\\/\\\/optimyzation.community\\\/ai-social-influencer-marketing\\\/\",\"url\":\"https:\\\/\\\/optimyzation.community\\\/ai-social-influencer-marketing\\\/\",\"name\":\"AI &amp; Social &amp; Influencer Marketing - Optimyzation.community\",\"isPartOf\":{\"@id\":\"https:\\\/\\\/optimyzation.community\\\/#website\"},\"primaryImageOfPage\":{\"@id\":\"https:\\\/\\\/optimyzation.community\\\/ai-social-influencer-marketing\\\/#primaryimage\"},\"image\":{\"@id\":\"https:\\\/\\\/optimyzation.community\\\/ai-social-influencer-marketing\\\/#primaryimage\"},\"thumbnailUrl\":\"https:\\\/\\\/optimyzation.community\\\/wp-content\\\/uploads\\\/2025\\\/10\\\/photo-1590845947698-8924d7409b56.avif\",\"datePublished\":\"2025-10-06T11:38:17+00:00\",\"dateModified\":\"2025-10-06T11:43:15+00:00\",\"breadcrumb\":{\"@id\":\"https:\\\/\\\/optimyzation.community\\\/ai-social-influencer-marketing\\\/#breadcrumb\"},\"inLanguage\":\"es\",\"potentialAction\":[{\"@type\":\"ReadAction\",\"target\":[\"https:\\\/\\\/optimyzation.community\\\/ai-social-influencer-marketing\\\/\"]}]},{\"@type\":\"ImageObject\",\"inLanguage\":\"es\",\"@id\":\"https:\\\/\\\/optimyzation.community\\\/ai-social-influencer-marketing\\\/#primaryimage\",\"url\":\"https:\\\/\\\/optimyzation.community\\\/wp-content\\\/uploads\\\/2025\\\/10\\\/photo-1590845947698-8924d7409b56.avif\",\"contentUrl\":\"https:\\\/\\\/optimyzation.community\\\/wp-content\\\/uploads\\\/2025\\\/10\\\/photo-1590845947698-8924d7409b56.avif\"},{\"@type\":\"BreadcrumbList\",\"@id\":\"https:\\\/\\\/optimyzation.community\\\/ai-social-influencer-marketing\\\/#breadcrumb\",\"itemListElement\":[{\"@type\":\"ListItem\",\"position\":1,\"name\":\"Home\",\"item\":\"https:\\\/\\\/optimyzation.community\\\/\"},{\"@type\":\"ListItem\",\"position\":2,\"name\":\"AI &amp; Social &amp; Influencer Marketing\"}]},{\"@type\":\"WebSite\",\"@id\":\"https:\\\/\\\/optimyzation.community\\\/#website\",\"url\":\"https:\\\/\\\/optimyzation.community\\\/\",\"name\":\"optimyzation.community\",\"description\":\"Build a community that grows beyond you\",\"publisher\":{\"@id\":\"https:\\\/\\\/optimyzation.community\\\/#organization\"},\"potentialAction\":[{\"@type\":\"SearchAction\",\"target\":{\"@type\":\"EntryPoint\",\"urlTemplate\":\"https:\\\/\\\/optimyzation.community\\\/?s={search_term_string}\"},\"query-input\":{\"@type\":\"PropertyValueSpecification\",\"valueRequired\":true,\"valueName\":\"search_term_string\"}}],\"inLanguage\":\"es\"},{\"@type\":\"Organization\",\"@id\":\"https:\\\/\\\/optimyzation.community\\\/#organization\",\"name\":\"optimyzation.community\",\"url\":\"https:\\\/\\\/optimyzation.community\\\/\",\"logo\":{\"@type\":\"ImageObject\",\"inLanguage\":\"es\",\"@id\":\"https:\\\/\\\/optimyzation.community\\\/#\\\/schema\\\/logo\\\/image\\\/\",\"url\":\"https:\\\/\\\/optimyzation.community\\\/wp-content\\\/uploads\\\/2025\\\/10\\\/optimyzation-rgb_white-color-m-mv02rXe4lLcDVq8q.png\",\"contentUrl\":\"https:\\\/\\\/optimyzation.community\\\/wp-content\\\/uploads\\\/2025\\\/10\\\/optimyzation-rgb_white-color-m-mv02rXe4lLcDVq8q.png\",\"width\":768,\"height\":226,\"caption\":\"optimyzation.community\"},\"image\":{\"@id\":\"https:\\\/\\\/optimyzation.community\\\/#\\\/schema\\\/logo\\\/image\\\/\"}}]}<\/script>\n<!-- \/ Yoast SEO plugin. -->","yoast_head_json":{"title":"AI &amp; Social &amp; Influencer Marketing - Optimyzation.community","robots":{"index":"index","follow":"follow","max-snippet":"max-snippet:-1","max-image-preview":"max-image-preview:large","max-video-preview":"max-video-preview:-1"},"canonical":"https:\/\/optimyzation.community\/es\/ai-social-influencer-marketing\/","og_locale":"es_ES","og_type":"article","og_title":"AI &amp; Social &amp; Influencer Marketing - Optimyzation.community","og_description":"AI &amp; Social &amp; Influencer Marketing \ud83d\ude80 AI &amp; Social &amp; Influencer Marketing Director \u2013 Pioneering Community Platform Start-Up \ud83d\udccd Location: Remote \ud83d\udd52 Type: Full-Time &amp; Contractual (12 months) \ud83d\udca1 Industry: Community &amp; Social Engagement, AI-Driven Marketing Up to $90,000 per year with equity options after working grace period Join Us &amp; Shape the Future [&hellip;]","og_url":"https:\/\/optimyzation.community\/es\/ai-social-influencer-marketing\/","og_site_name":"Optimyzation.community","article_modified_time":"2025-10-06T11:43:15+00:00","twitter_card":"summary_large_image","twitter_misc":{"Tiempo de lectura":"2 minutos"},"schema":{"@context":"https:\/\/schema.org","@graph":[{"@type":"WebPage","@id":"https:\/\/optimyzation.community\/ai-social-influencer-marketing\/","url":"https:\/\/optimyzation.community\/ai-social-influencer-marketing\/","name":"AI &amp; Social &amp; Influencer Marketing - Optimyzation.community","isPartOf":{"@id":"https:\/\/optimyzation.community\/#website"},"primaryImageOfPage":{"@id":"https:\/\/optimyzation.community\/ai-social-influencer-marketing\/#primaryimage"},"image":{"@id":"https:\/\/optimyzation.community\/ai-social-influencer-marketing\/#primaryimage"},"thumbnailUrl":"https:\/\/optimyzation.community\/wp-content\/uploads\/2025\/10\/photo-1590845947698-8924d7409b56.avif","datePublished":"2025-10-06T11:38:17+00:00","dateModified":"2025-10-06T11:43:15+00:00","breadcrumb":{"@id":"https:\/\/optimyzation.community\/ai-social-influencer-marketing\/#breadcrumb"},"inLanguage":"es","potentialAction":[{"@type":"ReadAction","target":["https:\/\/optimyzation.community\/ai-social-influencer-marketing\/"]}]},{"@type":"ImageObject","inLanguage":"es","@id":"https:\/\/optimyzation.community\/ai-social-influencer-marketing\/#primaryimage","url":"https:\/\/optimyzation.community\/wp-content\/uploads\/2025\/10\/photo-1590845947698-8924d7409b56.avif","contentUrl":"https:\/\/optimyzation.community\/wp-content\/uploads\/2025\/10\/photo-1590845947698-8924d7409b56.avif"},{"@type":"BreadcrumbList","@id":"https:\/\/optimyzation.community\/ai-social-influencer-marketing\/#breadcrumb","itemListElement":[{"@type":"ListItem","position":1,"name":"Home","item":"https:\/\/optimyzation.community\/"},{"@type":"ListItem","position":2,"name":"AI &amp; Social &amp; Influencer Marketing"}]},{"@type":"WebSite","@id":"https:\/\/optimyzation.community\/#website","url":"https:\/\/optimyzation.community\/","name":"optimizaci\u00f3n.comunidad","description":"Construye una comunidad que crezca m\u00e1s all\u00e1 de ti","publisher":{"@id":"https:\/\/optimyzation.community\/#organization"},"potentialAction":[{"@type":"SearchAction","target":{"@type":"EntryPoint","urlTemplate":"https:\/\/optimyzation.community\/?s={search_term_string}"},"query-input":{"@type":"PropertyValueSpecification","valueRequired":true,"valueName":"search_term_string"}}],"inLanguage":"es"},{"@type":"Organization","@id":"https:\/\/optimyzation.community\/#organization","name":"optimizaci\u00f3n.comunidad","url":"https:\/\/optimyzation.community\/","logo":{"@type":"ImageObject","inLanguage":"es","@id":"https:\/\/optimyzation.community\/#\/schema\/logo\/image\/","url":"https:\/\/optimyzation.community\/wp-content\/uploads\/2025\/10\/optimyzation-rgb_white-color-m-mv02rXe4lLcDVq8q.png","contentUrl":"https:\/\/optimyzation.community\/wp-content\/uploads\/2025\/10\/optimyzation-rgb_white-color-m-mv02rXe4lLcDVq8q.png","width":768,"height":226,"caption":"optimyzation.community"},"image":{"@id":"https:\/\/optimyzation.community\/#\/schema\/logo\/image\/"}}]}},"_hostinger_reach_plugin_has_subscription_block":false,"_hostinger_reach_plugin_is_elementor":false,"_links":{"self":[{"href":"https:\/\/optimyzation.community\/es\/wp-json\/wp\/v2\/pages\/560","targetHints":{"allow":["GET"]}}],"collection":[{"href":"https:\/\/optimyzation.community\/es\/wp-json\/wp\/v2\/pages"}],"about":[{"href":"https:\/\/optimyzation.community\/es\/wp-json\/wp\/v2\/types\/page"}],"author":[{"embeddable":true,"href":"https:\/\/optimyzation.community\/es\/wp-json\/wp\/v2\/users\/1"}],"replies":[{"embeddable":true,"href":"https:\/\/optimyzation.community\/es\/wp-json\/wp\/v2\/comments?post=560"}],"version-history":[{"count":22,"href":"https:\/\/optimyzation.community\/es\/wp-json\/wp\/v2\/pages\/560\/revisions"}],"predecessor-version":[{"id":589,"href":"https:\/\/optimyzation.community\/es\/wp-json\/wp\/v2\/pages\/560\/revisions\/589"}],"wp:attachment":[{"href":"https:\/\/optimyzation.community\/es\/wp-json\/wp\/v2\/media?parent=560"}],"curies":[{"name":"wp","href":"https:\/\/api.w.org\/{rel}","templated":true}]}}