{"id":1672,"date":"2026-01-08T13:04:17","date_gmt":"2026-01-08T13:04:17","guid":{"rendered":"https:\/\/optimyzation.community\/?page_id=1672"},"modified":"2026-01-14T11:46:26","modified_gmt":"2026-01-14T11:46:26","slug":"join-waiting-list","status":"publish","type":"page","link":"https:\/\/optimyzation.community\/pt\/join-waiting-list\/","title":{"rendered":"Join waiting list"},"content":{"rendered":"<div data-elementor-type=\"wp-page\" data-elementor-id=\"1672\" class=\"elementor elementor-1672\">\n\t\t\t\t<div class=\"elementor-element elementor-element-ec2d2ce e-flex e-con-boxed e-con e-parent\" data-id=\"ec2d2ce\" data-element_type=\"container\" data-e-type=\"container\" data-settings=\"{&quot;background_background&quot;:&quot;gradient&quot;}\">\n\t\t\t\t\t<div class=\"e-con-inner\">\n\t\t<div class=\"elementor-element elementor-element-0250322 e-con-full e-flex e-con e-child\" data-id=\"0250322\" data-element_type=\"container\" data-e-type=\"container\">\n\t\t\t\t<div class=\"elementor-element elementor-element-94ef7e2 elementor-widget__width-initial elementor-widget-tablet__width-inherit elementor-widget elementor-widget-heading\" data-id=\"94ef7e2\" data-element_type=\"widget\" data-e-type=\"widget\" data-widget_type=\"heading.default\">\n\t\t\t\t\t<h1 class=\"elementor-heading-title elementor-size-default\">ENVOLVA-SE\nQUANDO LAN\u00c7ARMOS<\/h1>\t\t\t\t<\/div>\n\t\t\t\t<div class=\"elementor-element elementor-element-30ed239 elementor-widget__width-initial elementor-widget-tablet__width-inherit elementor-widget elementor-widget-text-editor\" data-id=\"30ed239\" data-element_type=\"widget\" data-e-type=\"widget\" data-widget_type=\"text-editor.default\">\n\t\t\t\t\t\t\t\t\t<h4><strong> Estamos construindo algo incr\u00edvel!<\/strong>\u00a0<\/h4><h4>O recurso Trade Skills permitir\u00e1 que voc\u00ea troque habilidades e conhecimentos com outros membros da comunidade.\u00a0<\/h4><h4><b style=\"color: inherit; letter-spacing: 0.7px; background-color: transparent;\">Registre-se para <\/b><b style=\"color: inherit; letter-spacing: 0.7px; background-color: transparent;\">atualiza\u00e7\u00f5es<\/b><\/h4>\t\t\t\t\t\t\t\t<\/div>\n\t\t\t\t<\/div>\n\t\t<div class=\"elementor-element elementor-element-a45ebbb e-con-full e-flex e-con e-child\" data-id=\"a45ebbb\" data-element_type=\"container\" data-e-type=\"container\">\n\t\t\t\t<div class=\"elementor-element elementor-element-d17cc9c elementor-widget elementor-widget-shortcode\" data-id=\"d17cc9c\" data-element_type=\"widget\" data-e-type=\"widget\" data-widget_type=\"shortcode.default\">\n\t\t\t\t\t\t\t<div class=\"elementor-shortcode\">\n<div class=\"wpcf7 no-js\" id=\"wpcf7-f1670-o1\" lang=\"en-US\" dir=\"ltr\" data-wpcf7-id=\"1670\">\n<div class=\"screen-reader-response\"><p role=\"status\" aria-live=\"polite\" aria-atomic=\"true\"><\/p> <ul><\/ul><\/div>\n<form action=\"\/pt\/wp-json\/wp\/v2\/pages\/1672#wpcf7-f1670-o1\" method=\"post\" class=\"wpcf7-form init\" aria-label=\"Contact form\" novalidate=\"novalidate\" data-status=\"init\" data-trp-original-action=\"\/pt\/wp-json\/wp\/v2\/pages\/1672#wpcf7-f1670-o1\">\n<fieldset class=\"hidden-fields-container\"><input type=\"hidden\" name=\"_wpcf7\" value=\"1670\" \/><input type=\"hidden\" name=\"_wpcf7_version\" value=\"6.1.5\" \/><input type=\"hidden\" name=\"_wpcf7_locale\" value=\"en_US\" \/><input type=\"hidden\" name=\"_wpcf7_unit_tag\" value=\"wpcf7-f1670-o1\" \/><input type=\"hidden\" name=\"_wpcf7_container_post\" value=\"0\" \/><input type=\"hidden\" name=\"_wpcf7_posted_data_hash\" value=\"\" \/>\n<\/fieldset>\n<div class=\"optz-waitlist-form\">\n\t<div class=\"contact-seven\">\n\t\t<p><label class=\"optz-label-email\">Seu endere\u00e7o de e-mail*<\/label><br \/>\n<span class=\"wpcf7-form-control-wrap\" data-name=\"your-email\"><input size=\"40\" maxlength=\"400\" class=\"wpcf7-form-control wpcf7-email wpcf7-validates-as-required wpcf7-text wpcf7-validates-as-email optz-input-email\" aria-required=\"true\" aria-invalid=\"false\" placeholder=\"Digite seu endere\u00e7o de e-mail\" value=\"\" type=\"email\" name=\"your-email\" \/><\/span>\n\t\t<\/p>\n\t\t<div class=\"buton-form\">\n\t\t\t<div class=\"optz-user-type-group\">\n\t\t\t\t<p><span class=\"wpcf7-form-control-wrap\" data-name=\"user_type\"><span class=\"wpcf7-form-control wpcf7-radio\"><span class=\"wpcf7-list-item first\"><label><input type=\"radio\" name=\"user_type\" value=\"Entrepreneur\" checked=\"checked\" \/><span class=\"wpcf7-list-item-label\">Empreendedor<\/span><\/label><\/span><span class=\"wpcf7-list-item\"><label><input type=\"radio\" name=\"user_type\" value=\"Educators\" \/><span class=\"wpcf7-list-item-label\">Educadores<\/span><\/label><\/span><span class=\"wpcf7-list-item\"><label><input type=\"radio\" name=\"user_type\" value=\"Consultant\" \/><span class=\"wpcf7-list-item-label\">Consultor<\/span><\/label><\/span><span class=\"wpcf7-list-item last\"><label><input type=\"radio\" name=\"user_type\" value=\"Small Business\" \/><span class=\"wpcf7-list-item-label\">Pequenas empresas<\/span><\/label><\/span><\/span><\/span>\n\t\t\t\t<\/p>\n\t\t\t<\/div>\n\t\t\t<div class=\"optz-submit-wrapper\">\n\t\t\t\t<p><input class=\"wpcf7-form-control wpcf7-submit has-spinner optz-submit-btn\" type=\"submit\" value=\"Entre na lista de espera\" \/>\n\t\t\t\t<\/p>\n\t\t\t<\/div>\n\t\t<\/div>\n\t<\/div>\n\t<div class=\"optz-recaptcha-box\">\n\t\t<p><div id=\"cf7sr-69ea6286deb96\" class=\"cf7sr-g-recaptcha\" data-theme=\"light\" data-type=\"image\" data-size=\"normal\" data-sitekey=\"6LeSZQIsAAAAADAJHhpV9e1uRVIwnafaVYC3onTk\"><\/div><span class=\"wpcf7-form-control-wrap cf7sr-recaptcha\" data-name=\"cf7sr-recaptcha\"><input type=\"hidden\" name=\"cf7sr-recaptcha\" value=\"\" class=\"wpcf7-form-control\"><\/span>\n\t\t<\/p>\n\t<\/div>\n<\/div><div class=\"wpcf7-response-output\" aria-hidden=\"true\"><\/div>\n<input type=\"hidden\" name=\"trp-form-language\" value=\"pt\"\/><\/form>\n<\/div>\n<\/div>\n\t\t\t\t\t\t<\/div>\n\t\t\t\t<\/div>\n\t\t\t\t<div class=\"elementor-element elementor-element-064ec6a elementor-widget elementor-widget-button\" data-id=\"064ec6a\" data-element_type=\"widget\" data-e-type=\"widget\" data-widget_type=\"button.default\">\n\t\t\t\t\t\t\t\t\t\t<a class=\"elementor-button elementor-button-link elementor-size-sm\" href=\"https:\/\/app.optimyzation.community\/\">\n\t\t\t\t\t\t<span class=\"elementor-button-content-wrapper\">\n\t\t\t\t\t\t\t\t\t<span class=\"elementor-button-text\">Voltar<\/span>\n\t\t\t\t\t<\/span>\n\t\t\t\t\t<\/a>\n\t\t\t\t\t\t\t\t<\/div>\n\t\t\t\t\t<\/div>\n\t\t\t\t<\/div>\n\t\t\t\t<\/div>","protected":false},"excerpt":{"rendered":"<p>GET INVOLVED WHEN WE LAUNCH We&#8217;re building something amazing!\u00a0 The Trade Skills feature will allow you to exchange skills and expertise with other community members.\u00a0 Sign up for updates Go Back<\/p>","protected":false},"author":1,"featured_media":0,"parent":0,"menu_order":0,"comment_status":"closed","ping_status":"closed","template":"elementor_header_footer","meta":{"_acf_changed":false,"footnotes":""},"class_list":["post-1672","page","type-page","status-publish","hentry"],"acf":[],"yoast_head":"<!-- This site is optimized with the Yoast SEO plugin v27.4 - https:\/\/yoast.com\/product\/yoast-seo-wordpress\/ -->\n<title>Join waiting list - Optimyzation.community<\/title>\n<meta name=\"robots\" content=\"index, follow, max-snippet:-1, max-image-preview:large, max-video-preview:-1\" \/>\n<link rel=\"canonical\" href=\"https:\/\/optimyzation.community\/pt\/join-waiting-list\/\" \/>\n<meta property=\"og:locale\" content=\"pt_BR\" \/>\n<meta property=\"og:type\" content=\"article\" \/>\n<meta property=\"og:title\" content=\"Join waiting list - Optimyzation.community\" \/>\n<meta property=\"og:description\" content=\"GET INVOLVED WHEN WE LAUNCH We&#8217;re building something amazing!\u00a0 The Trade Skills feature will allow you to exchange skills and expertise with other community members.\u00a0 Sign up for updates Go Back\" \/>\n<meta property=\"og:url\" content=\"https:\/\/optimyzation.community\/pt\/join-waiting-list\/\" \/>\n<meta property=\"og:site_name\" content=\"Optimyzation.community\" \/>\n<meta property=\"article:modified_time\" content=\"2026-01-14T11:46:26+00:00\" \/>\n<meta name=\"twitter:card\" content=\"summary_large_image\" \/>\n<meta name=\"twitter:label1\" content=\"Est. tempo de leitura\" \/>\n\t<meta name=\"twitter:data1\" content=\"1 minuto\" \/>\n<script type=\"application\/ld+json\" class=\"yoast-schema-graph\">{\"@context\":\"https:\\\/\\\/schema.org\",\"@graph\":[{\"@type\":\"WebPage\",\"@id\":\"https:\\\/\\\/optimyzation.community\\\/join-waiting-list\\\/\",\"url\":\"https:\\\/\\\/optimyzation.community\\\/join-waiting-list\\\/\",\"name\":\"Join waiting list - Optimyzation.community\",\"isPartOf\":{\"@id\":\"https:\\\/\\\/optimyzation.community\\\/#website\"},\"datePublished\":\"2026-01-08T13:04:17+00:00\",\"dateModified\":\"2026-01-14T11:46:26+00:00\",\"breadcrumb\":{\"@id\":\"https:\\\/\\\/optimyzation.community\\\/join-waiting-list\\\/#breadcrumb\"},\"inLanguage\":\"pt-BR\",\"potentialAction\":[{\"@type\":\"ReadAction\",\"target\":[\"https:\\\/\\\/optimyzation.community\\\/join-waiting-list\\\/\"]}]},{\"@type\":\"BreadcrumbList\",\"@id\":\"https:\\\/\\\/optimyzation.community\\\/join-waiting-list\\\/#breadcrumb\",\"itemListElement\":[{\"@type\":\"ListItem\",\"position\":1,\"name\":\"Home\",\"item\":\"https:\\\/\\\/optimyzation.community\\\/\"},{\"@type\":\"ListItem\",\"position\":2,\"name\":\"Join waiting list\"}]},{\"@type\":\"WebSite\",\"@id\":\"https:\\\/\\\/optimyzation.community\\\/#website\",\"url\":\"https:\\\/\\\/optimyzation.community\\\/\",\"name\":\"optimyzation.community\",\"description\":\"Build a community that grows beyond you\",\"publisher\":{\"@id\":\"https:\\\/\\\/optimyzation.community\\\/#organization\"},\"potentialAction\":[{\"@type\":\"SearchAction\",\"target\":{\"@type\":\"EntryPoint\",\"urlTemplate\":\"https:\\\/\\\/optimyzation.community\\\/?s={search_term_string}\"},\"query-input\":{\"@type\":\"PropertyValueSpecification\",\"valueRequired\":true,\"valueName\":\"search_term_string\"}}],\"inLanguage\":\"pt-BR\"},{\"@type\":\"Organization\",\"@id\":\"https:\\\/\\\/optimyzation.community\\\/#organization\",\"name\":\"optimyzation.community\",\"url\":\"https:\\\/\\\/optimyzation.community\\\/\",\"logo\":{\"@type\":\"ImageObject\",\"inLanguage\":\"pt-BR\",\"@id\":\"https:\\\/\\\/optimyzation.community\\\/#\\\/schema\\\/logo\\\/image\\\/\",\"url\":\"https:\\\/\\\/optimyzation.community\\\/wp-content\\\/uploads\\\/2025\\\/10\\\/optimyzation-rgb_white-color-m-mv02rXe4lLcDVq8q.png\",\"contentUrl\":\"https:\\\/\\\/optimyzation.community\\\/wp-content\\\/uploads\\\/2025\\\/10\\\/optimyzation-rgb_white-color-m-mv02rXe4lLcDVq8q.png\",\"width\":768,\"height\":226,\"caption\":\"optimyzation.community\"},\"image\":{\"@id\":\"https:\\\/\\\/optimyzation.community\\\/#\\\/schema\\\/logo\\\/image\\\/\"}}]}<\/script>\n<!-- \/ Yoast SEO plugin. -->","yoast_head_json":{"title":"Join waiting list - Optimyzation.community","robots":{"index":"index","follow":"follow","max-snippet":"max-snippet:-1","max-image-preview":"max-image-preview:large","max-video-preview":"max-video-preview:-1"},"canonical":"https:\/\/optimyzation.community\/pt\/join-waiting-list\/","og_locale":"pt_BR","og_type":"article","og_title":"Join waiting list - Optimyzation.community","og_description":"GET INVOLVED WHEN WE LAUNCH We&#8217;re building something amazing!\u00a0 The Trade Skills feature will allow you to exchange skills and expertise with other community members.\u00a0 Sign up for updates Go Back","og_url":"https:\/\/optimyzation.community\/pt\/join-waiting-list\/","og_site_name":"Optimyzation.community","article_modified_time":"2026-01-14T11:46:26+00:00","twitter_card":"summary_large_image","twitter_misc":{"Est. tempo de leitura":"1 minuto"},"schema":{"@context":"https:\/\/schema.org","@graph":[{"@type":"WebPage","@id":"https:\/\/optimyzation.community\/join-waiting-list\/","url":"https:\/\/optimyzation.community\/join-waiting-list\/","name":"Join waiting list - Optimyzation.community","isPartOf":{"@id":"https:\/\/optimyzation.community\/#website"},"datePublished":"2026-01-08T13:04:17+00:00","dateModified":"2026-01-14T11:46:26+00:00","breadcrumb":{"@id":"https:\/\/optimyzation.community\/join-waiting-list\/#breadcrumb"},"inLanguage":"pt-BR","potentialAction":[{"@type":"ReadAction","target":["https:\/\/optimyzation.community\/join-waiting-list\/"]}]},{"@type":"BreadcrumbList","@id":"https:\/\/optimyzation.community\/join-waiting-list\/#breadcrumb","itemListElement":[{"@type":"ListItem","position":1,"name":"Home","item":"https:\/\/optimyzation.community\/"},{"@type":"ListItem","position":2,"name":"Join waiting list"}]},{"@type":"WebSite","@id":"https:\/\/optimyzation.community\/#website","url":"https:\/\/optimyzation.community\/","name":"optimyzation.community","description":"Crie uma comunidade que cres\u00e7a al\u00e9m de voc\u00ea","publisher":{"@id":"https:\/\/optimyzation.community\/#organization"},"potentialAction":[{"@type":"SearchAction","target":{"@type":"EntryPoint","urlTemplate":"https:\/\/optimyzation.community\/?s={search_term_string}"},"query-input":{"@type":"PropertyValueSpecification","valueRequired":true,"valueName":"search_term_string"}}],"inLanguage":"pt-BR"},{"@type":"Organization","@id":"https:\/\/optimyzation.community\/#organization","name":"optimyzation.community","url":"https:\/\/optimyzation.community\/","logo":{"@type":"ImageObject","inLanguage":"pt-BR","@id":"https:\/\/optimyzation.community\/#\/schema\/logo\/image\/","url":"https:\/\/optimyzation.community\/wp-content\/uploads\/2025\/10\/optimyzation-rgb_white-color-m-mv02rXe4lLcDVq8q.png","contentUrl":"https:\/\/optimyzation.community\/wp-content\/uploads\/2025\/10\/optimyzation-rgb_white-color-m-mv02rXe4lLcDVq8q.png","width":768,"height":226,"caption":"optimyzation.community"},"image":{"@id":"https:\/\/optimyzation.community\/#\/schema\/logo\/image\/"}}]}},"_hostinger_reach_plugin_has_subscription_block":false,"_hostinger_reach_plugin_is_elementor":false,"_links":{"self":[{"href":"https:\/\/optimyzation.community\/pt\/wp-json\/wp\/v2\/pages\/1672","targetHints":{"allow":["GET"]}}],"collection":[{"href":"https:\/\/optimyzation.community\/pt\/wp-json\/wp\/v2\/pages"}],"about":[{"href":"https:\/\/optimyzation.community\/pt\/wp-json\/wp\/v2\/types\/page"}],"author":[{"embeddable":true,"href":"https:\/\/optimyzation.community\/pt\/wp-json\/wp\/v2\/users\/1"}],"replies":[{"embeddable":true,"href":"https:\/\/optimyzation.community\/pt\/wp-json\/wp\/v2\/comments?post=1672"}],"version-history":[{"count":40,"href":"https:\/\/optimyzation.community\/pt\/wp-json\/wp\/v2\/pages\/1672\/revisions"}],"predecessor-version":[{"id":1880,"href":"https:\/\/optimyzation.community\/pt\/wp-json\/wp\/v2\/pages\/1672\/revisions\/1880"}],"wp:attachment":[{"href":"https:\/\/optimyzation.community\/pt\/wp-json\/wp\/v2\/media?parent=1672"}],"curies":[{"name":"wp","href":"https:\/\/api.w.org\/{rel}","templated":true}]}}