{"id":43,"date":"2025-10-03T11:59:21","date_gmt":"2025-10-03T11:59:21","guid":{"rendered":"https:\/\/goldenrod-turkey-996710.hostingersite.com\/?page_id=43"},"modified":"2026-01-16T20:47:52","modified_gmt":"2026-01-16T20:47:52","slug":"mission-statement","status":"publish","type":"page","link":"https:\/\/optimyzation.community\/pt\/mission-statement\/","title":{"rendered":"Declara\u00e7\u00e3o de miss\u00e3o"},"content":{"rendered":"<div data-elementor-type=\"wp-page\" data-elementor-id=\"43\" class=\"elementor elementor-43\">\n\t\t\t\t<div class=\"elementor-element elementor-element-4af179f e-flex e-con-boxed e-con e-parent\" data-id=\"4af179f\" data-element_type=\"container\" data-e-type=\"container\" data-settings=\"{&quot;background_background&quot;:&quot;classic&quot;}\">\n\t\t\t\t\t<div class=\"e-con-inner\">\n\t\t\t\t<div class=\"elementor-element elementor-element-512a553 elementor-invisible elementor-widget elementor-widget-heading\" data-id=\"512a553\" data-element_type=\"widget\" data-e-type=\"widget\" data-settings=\"{&quot;_animation&quot;:&quot;fadeInUp&quot;}\" data-widget_type=\"heading.default\">\n\t\t\t\t\t<h2 class=\"elementor-heading-title elementor-size-default\">Nossa miss\u00e3o: <\/h2>\t\t\t\t<\/div>\n\t\t\t\t<div class=\"elementor-element elementor-element-dc67558 elementor-widget__width-inherit elementor-widget-tablet__width-inherit elementor-invisible elementor-widget elementor-widget-text-editor\" data-id=\"dc67558\" data-element_type=\"widget\" data-e-type=\"widget\" data-settings=\"{&quot;_animation&quot;:&quot;fadeInUp&quot;}\" data-widget_type=\"text-editor.default\">\n\t\t\t\t\t\t\t\t\t<p>Capacitar empreendedores, criadores, educadores e inovadores alternativos para construir comunidades digitais pr\u00f3speras - conectando, ganhando, trocando e colaborando.<\/p>\t\t\t\t\t\t\t\t<\/div>\n\t\t\t\t\t<\/div>\n\t\t\t\t<\/div>\n\t\t<div class=\"elementor-element elementor-element-66fa66e e-flex e-con-boxed e-con e-parent\" data-id=\"66fa66e\" data-element_type=\"container\" data-e-type=\"container\" data-settings=\"{&quot;background_background&quot;:&quot;classic&quot;}\">\n\t\t\t\t\t<div class=\"e-con-inner\">\n\t\t\t\t<div class=\"elementor-element elementor-element-6862a5b elementor-invisible elementor-widget elementor-widget-heading\" data-id=\"6862a5b\" data-element_type=\"widget\" data-e-type=\"widget\" data-settings=\"{&quot;_animation&quot;:&quot;fadeInUp&quot;}\" data-widget_type=\"heading.default\">\n\t\t\t\t\t<h2 class=\"elementor-heading-title elementor-size-default\">\nNossa vis\u00e3o: <\/h2>\t\t\t\t<\/div>\n\t\t\t\t<div class=\"elementor-element elementor-element-cc3acb1 elementor-widget__width-initial elementor-widget-tablet__width-inherit elementor-widget-mobile__width-initial elementor-invisible elementor-widget elementor-widget-text-editor\" data-id=\"cc3acb1\" data-element_type=\"widget\" data-e-type=\"widget\" data-settings=\"{&quot;_animation&quot;:&quot;fadeInUp&quot;}\" data-widget_type=\"text-editor.default\">\n\t\t\t\t\t\t\t\t\t<p>Um mundo no qual as comunidades digitais, a colabora\u00e7\u00e3o consciente e o interc\u00e2mbio m\u00fatuo alimentam a inova\u00e7\u00e3o e o crescimento, permitindo que cada membro prospere enquanto ajuda os outros a prosperar.<\/p>\t\t\t\t\t\t\t\t<\/div>\n\t\t\t\t\t<\/div>\n\t\t\t\t<\/div>\n\t\t<div class=\"elementor-element elementor-element-946c1c7 e-flex e-con-boxed e-con e-parent\" data-id=\"946c1c7\" data-element_type=\"container\" data-e-type=\"container\" data-settings=\"{&quot;background_background&quot;:&quot;gradient&quot;}\">\n\t\t\t\t\t<div class=\"e-con-inner\">\n\t\t\t\t<div class=\"elementor-element elementor-element-9d655e3 elementor-widget__width-initial elementor-widget-tablet__width-inherit elementor-invisible elementor-widget elementor-widget-heading\" data-id=\"9d655e3\" data-element_type=\"widget\" data-e-type=\"widget\" data-settings=\"{&quot;_animation&quot;:&quot;fadeInUp&quot;}\" data-widget_type=\"heading.default\">\n\t\t\t\t\t<h2 class=\"elementor-heading-title elementor-size-default\">Nossa filosofia:<\/h2>\t\t\t\t<\/div>\n\t\t\t\t<div class=\"elementor-element elementor-element-d770fea elementor-widget__width-inherit elementor-widget-tablet__width-inherit elementor-invisible elementor-widget elementor-widget-heading\" data-id=\"d770fea\" data-element_type=\"widget\" data-e-type=\"widget\" data-settings=\"{&quot;_animation&quot;:&quot;fadeInUp&quot;}\" data-widget_type=\"heading.default\">\n\t\t\t\t\t<h2 class=\"elementor-heading-title elementor-size-default\">Capitalismo consciente - A evolu\u00e7\u00e3o da empresa<\/h2>\t\t\t\t<\/div>\n\t\t\t\t<div class=\"elementor-element elementor-element-4e9427b elementor-widget elementor-widget-text-editor\" data-id=\"4e9427b\" data-element_type=\"widget\" data-e-type=\"widget\" data-widget_type=\"text-editor.default\">\n\t\t\t\t\t\t\t\t\t<p class=\"body\" dir=\"auto\"><strong>Capitalismo consciente<\/strong> \u00e9 o despertar dos neg\u00f3cios - um movimento que <strong>redefine o lucro como energia em movimento<\/strong>, <strong>finalidade<\/strong> como o<strong> moeda verdadeira,<\/strong> e <strong>colabora\u00e7\u00e3o<\/strong> e solu\u00e7\u00e3o de problemas <strong>como a nova capital<\/strong>.<\/p><p class=\"body\" dir=\"auto\">\u00c9 a compreens\u00e3o de que as empresas s\u00e3o sistemas vivos, capazes n\u00e3o apenas de gerar riqueza, mas tamb\u00e9m de <strong>elevar a consci\u00eancia, restaurar o equil\u00edbrio e catalisar o progresso humano<\/strong>.<\/p><p class=\"body\" dir=\"auto\">Nesse novo paradigma, o sucesso n\u00e3o \u00e9 medido por relat\u00f3rios trimestrais, <strong>mas pelo efeito cascata que uma empresa cria na vida das pessoas, nas comunidades e nos ecossistemas.<\/strong> Os l\u00edderes agem com consci\u00eancia. As equipes operam com empatia. <strong>O crescimento se torna regenerativo, n\u00e3o extrativista.<\/strong><\/p><p class=\"body\" dir=\"auto\"><strong>Capitalismo consciente<\/strong> n\u00e3o se trata de rejeitar o capitalismo - trata-se de <em><strong>de eleva\u00e7\u00e3o<\/strong> ele<\/em>: transformar a concorr\u00eancia em cocria\u00e7\u00e3o, <strong>consumo em contribui\u00e7\u00e3o<\/strong>, e neg\u00f3cios em um <strong>catalisador para a evolu\u00e7\u00e3o planet\u00e1ria e humana.<\/strong><\/p>\t\t\t\t\t\t\t\t<\/div>\n\t\t\t\t\t<\/div>\n\t\t\t\t<\/div>\n\t\t<div class=\"elementor-element elementor-element-d45a045 e-flex e-con-boxed e-con e-parent\" data-id=\"d45a045\" data-element_type=\"container\" data-e-type=\"container\" data-settings=\"{&quot;background_background&quot;:&quot;classic&quot;}\">\n\t\t\t\t\t<div class=\"e-con-inner\">\n\t\t\t\t<div class=\"elementor-element elementor-element-16d0239 elementor-invisible elementor-widget elementor-widget-heading\" data-id=\"16d0239\" data-element_type=\"widget\" data-e-type=\"widget\" data-settings=\"{&quot;_animation&quot;:&quot;fadeInUp&quot;}\" data-widget_type=\"heading.default\">\n\t\t\t\t\t<h2 class=\"elementor-heading-title elementor-size-default\">- Buckminster Fuller<\/h2>\t\t\t\t<\/div>\n\t\t\t\t<div class=\"elementor-element elementor-element-2d99b7f elementor-invisible elementor-widget elementor-widget-heading\" data-id=\"2d99b7f\" data-element_type=\"widget\" data-e-type=\"widget\" data-settings=\"{&quot;_animation&quot;:&quot;fadeInUp&quot;}\" data-widget_type=\"heading.default\">\n\t\t\t\t\t<h2 class=\"elementor-heading-title elementor-size-default\">Voc\u00ea nunca muda as coisas lutando contra a realidade existente. Para mudar algo, construa um novo modelo que torne o modelo existente obsoleto\u2019<\/h2>\t\t\t\t<\/div>\n\t\t\t\t\t<\/div>\n\t\t\t\t<\/div>\n\t\t\t\t<\/div>","protected":false},"excerpt":{"rendered":"<p>Our mission: To empower alternative entrepreneurs, creators, educators, and innovators to build thriving digital communities\u2014connecting, earning, exchanging and collaborating. Our vision: A world in which digital communities, conscious collaboration, and mutual exchange fuel innovation and growth \u2014 enabling each member to thrive while helping others thrive. Our Philosophy: Conscious Capitalism \u2014 The Evolution of Enterprise [&hellip;]<\/p>\n","protected":false},"author":1,"featured_media":0,"parent":0,"menu_order":0,"comment_status":"closed","ping_status":"closed","template":"elementor_header_footer","meta":{"_acf_changed":false,"footnotes":""},"class_list":["post-43","page","type-page","status-publish","hentry"],"acf":[],"yoast_head":"<!-- This site is optimized with the Yoast SEO plugin v27.4 - https:\/\/yoast.com\/product\/yoast-seo-wordpress\/ -->\n<title>Mission statement - Optimyzation.community<\/title>\n<meta name=\"robots\" content=\"index, follow, max-snippet:-1, max-image-preview:large, max-video-preview:-1\" \/>\n<link rel=\"canonical\" href=\"https:\/\/optimyzation.community\/pt\/mission-statement\/\" \/>\n<meta property=\"og:locale\" content=\"pt_BR\" \/>\n<meta property=\"og:type\" content=\"article\" \/>\n<meta property=\"og:title\" content=\"Mission statement - Optimyzation.community\" \/>\n<meta property=\"og:description\" content=\"Our mission: To empower alternative entrepreneurs, creators, educators, and innovators to build thriving digital communities\u2014connecting, earning, exchanging and collaborating. Our vision: A world in which digital communities, conscious collaboration, and mutual exchange fuel innovation and growth \u2014 enabling each member to thrive while helping others thrive. Our Philosophy: Conscious Capitalism \u2014 The Evolution of Enterprise [&hellip;]\" \/>\n<meta property=\"og:url\" content=\"https:\/\/optimyzation.community\/pt\/mission-statement\/\" \/>\n<meta property=\"og:site_name\" content=\"Optimyzation.community\" \/>\n<meta property=\"article:modified_time\" content=\"2026-01-16T20:47:52+00:00\" \/>\n<meta name=\"twitter:card\" content=\"summary_large_image\" \/>\n<meta name=\"twitter:label1\" content=\"Est. tempo de leitura\" \/>\n\t<meta name=\"twitter:data1\" content=\"1 minuto\" \/>\n<script type=\"application\/ld+json\" class=\"yoast-schema-graph\">{\"@context\":\"https:\\\/\\\/schema.org\",\"@graph\":[{\"@type\":\"WebPage\",\"@id\":\"https:\\\/\\\/optimyzation.community\\\/mission-statement\\\/\",\"url\":\"https:\\\/\\\/optimyzation.community\\\/mission-statement\\\/\",\"name\":\"Mission statement - Optimyzation.community\",\"isPartOf\":{\"@id\":\"https:\\\/\\\/optimyzation.community\\\/#website\"},\"datePublished\":\"2025-10-03T11:59:21+00:00\",\"dateModified\":\"2026-01-16T20:47:52+00:00\",\"breadcrumb\":{\"@id\":\"https:\\\/\\\/optimyzation.community\\\/mission-statement\\\/#breadcrumb\"},\"inLanguage\":\"pt-BR\",\"potentialAction\":[{\"@type\":\"ReadAction\",\"target\":[\"https:\\\/\\\/optimyzation.community\\\/mission-statement\\\/\"]}]},{\"@type\":\"BreadcrumbList\",\"@id\":\"https:\\\/\\\/optimyzation.community\\\/mission-statement\\\/#breadcrumb\",\"itemListElement\":[{\"@type\":\"ListItem\",\"position\":1,\"name\":\"Home\",\"item\":\"https:\\\/\\\/optimyzation.community\\\/\"},{\"@type\":\"ListItem\",\"position\":2,\"name\":\"Mission statement\"}]},{\"@type\":\"WebSite\",\"@id\":\"https:\\\/\\\/optimyzation.community\\\/#website\",\"url\":\"https:\\\/\\\/optimyzation.community\\\/\",\"name\":\"optimyzation.community\",\"description\":\"Build a community that grows beyond you\",\"publisher\":{\"@id\":\"https:\\\/\\\/optimyzation.community\\\/#organization\"},\"potentialAction\":[{\"@type\":\"SearchAction\",\"target\":{\"@type\":\"EntryPoint\",\"urlTemplate\":\"https:\\\/\\\/optimyzation.community\\\/?s={search_term_string}\"},\"query-input\":{\"@type\":\"PropertyValueSpecification\",\"valueRequired\":true,\"valueName\":\"search_term_string\"}}],\"inLanguage\":\"pt-BR\"},{\"@type\":\"Organization\",\"@id\":\"https:\\\/\\\/optimyzation.community\\\/#organization\",\"name\":\"optimyzation.community\",\"url\":\"https:\\\/\\\/optimyzation.community\\\/\",\"logo\":{\"@type\":\"ImageObject\",\"inLanguage\":\"pt-BR\",\"@id\":\"https:\\\/\\\/optimyzation.community\\\/#\\\/schema\\\/logo\\\/image\\\/\",\"url\":\"https:\\\/\\\/optimyzation.community\\\/wp-content\\\/uploads\\\/2025\\\/10\\\/optimyzation-rgb_white-color-m-mv02rXe4lLcDVq8q.png\",\"contentUrl\":\"https:\\\/\\\/optimyzation.community\\\/wp-content\\\/uploads\\\/2025\\\/10\\\/optimyzation-rgb_white-color-m-mv02rXe4lLcDVq8q.png\",\"width\":768,\"height\":226,\"caption\":\"optimyzation.community\"},\"image\":{\"@id\":\"https:\\\/\\\/optimyzation.community\\\/#\\\/schema\\\/logo\\\/image\\\/\"}}]}<\/script>\n<!-- \/ Yoast SEO plugin. -->","yoast_head_json":{"title":"Mission statement - Optimyzation.community","robots":{"index":"index","follow":"follow","max-snippet":"max-snippet:-1","max-image-preview":"max-image-preview:large","max-video-preview":"max-video-preview:-1"},"canonical":"https:\/\/optimyzation.community\/pt\/mission-statement\/","og_locale":"pt_BR","og_type":"article","og_title":"Mission statement - Optimyzation.community","og_description":"Our mission: To empower alternative entrepreneurs, creators, educators, and innovators to build thriving digital communities\u2014connecting, earning, exchanging and collaborating. Our vision: A world in which digital communities, conscious collaboration, and mutual exchange fuel innovation and growth \u2014 enabling each member to thrive while helping others thrive. Our Philosophy: Conscious Capitalism \u2014 The Evolution of Enterprise [&hellip;]","og_url":"https:\/\/optimyzation.community\/pt\/mission-statement\/","og_site_name":"Optimyzation.community","article_modified_time":"2026-01-16T20:47:52+00:00","twitter_card":"summary_large_image","twitter_misc":{"Est. tempo de leitura":"1 minuto"},"schema":{"@context":"https:\/\/schema.org","@graph":[{"@type":"WebPage","@id":"https:\/\/optimyzation.community\/mission-statement\/","url":"https:\/\/optimyzation.community\/mission-statement\/","name":"Mission statement - Optimyzation.community","isPartOf":{"@id":"https:\/\/optimyzation.community\/#website"},"datePublished":"2025-10-03T11:59:21+00:00","dateModified":"2026-01-16T20:47:52+00:00","breadcrumb":{"@id":"https:\/\/optimyzation.community\/mission-statement\/#breadcrumb"},"inLanguage":"pt-BR","potentialAction":[{"@type":"ReadAction","target":["https:\/\/optimyzation.community\/mission-statement\/"]}]},{"@type":"BreadcrumbList","@id":"https:\/\/optimyzation.community\/mission-statement\/#breadcrumb","itemListElement":[{"@type":"ListItem","position":1,"name":"Home","item":"https:\/\/optimyzation.community\/"},{"@type":"ListItem","position":2,"name":"Mission statement"}]},{"@type":"WebSite","@id":"https:\/\/optimyzation.community\/#website","url":"https:\/\/optimyzation.community\/","name":"optimyzation.community","description":"Crie uma comunidade que cres\u00e7a al\u00e9m de voc\u00ea","publisher":{"@id":"https:\/\/optimyzation.community\/#organization"},"potentialAction":[{"@type":"SearchAction","target":{"@type":"EntryPoint","urlTemplate":"https:\/\/optimyzation.community\/?s={search_term_string}"},"query-input":{"@type":"PropertyValueSpecification","valueRequired":true,"valueName":"search_term_string"}}],"inLanguage":"pt-BR"},{"@type":"Organization","@id":"https:\/\/optimyzation.community\/#organization","name":"optimyzation.community","url":"https:\/\/optimyzation.community\/","logo":{"@type":"ImageObject","inLanguage":"pt-BR","@id":"https:\/\/optimyzation.community\/#\/schema\/logo\/image\/","url":"https:\/\/optimyzation.community\/wp-content\/uploads\/2025\/10\/optimyzation-rgb_white-color-m-mv02rXe4lLcDVq8q.png","contentUrl":"https:\/\/optimyzation.community\/wp-content\/uploads\/2025\/10\/optimyzation-rgb_white-color-m-mv02rXe4lLcDVq8q.png","width":768,"height":226,"caption":"optimyzation.community"},"image":{"@id":"https:\/\/optimyzation.community\/#\/schema\/logo\/image\/"}}]}},"_hostinger_reach_plugin_has_subscription_block":false,"_hostinger_reach_plugin_is_elementor":false,"_links":{"self":[{"href":"https:\/\/optimyzation.community\/pt\/wp-json\/wp\/v2\/pages\/43","targetHints":{"allow":["GET"]}}],"collection":[{"href":"https:\/\/optimyzation.community\/pt\/wp-json\/wp\/v2\/pages"}],"about":[{"href":"https:\/\/optimyzation.community\/pt\/wp-json\/wp\/v2\/types\/page"}],"author":[{"embeddable":true,"href":"https:\/\/optimyzation.community\/pt\/wp-json\/wp\/v2\/users\/1"}],"replies":[{"embeddable":true,"href":"https:\/\/optimyzation.community\/pt\/wp-json\/wp\/v2\/comments?post=43"}],"version-history":[{"count":55,"href":"https:\/\/optimyzation.community\/pt\/wp-json\/wp\/v2\/pages\/43\/revisions"}],"predecessor-version":[{"id":1936,"href":"https:\/\/optimyzation.community\/pt\/wp-json\/wp\/v2\/pages\/43\/revisions\/1936"}],"wp:attachment":[{"href":"https:\/\/optimyzation.community\/pt\/wp-json\/wp\/v2\/media?parent=43"}],"curies":[{"name":"wp","href":"https:\/\/api.w.org\/{rel}","templated":true}]}}